{"id":280,"date":"2022-01-19T13:41:12","date_gmt":"2022-01-19T13:41:12","guid":{"rendered":"https:\/\/paginas.uepa.br\/sic\/2022\/?page_id=280"},"modified":"2023-02-09T14:48:58","modified_gmt":"2023-02-09T14:48:58","slug":"pibic-pibiti","status":"publish","type":"page","link":"https:\/\/sic.uepa.br\/2023\/index.php\/comunicacoes\/pibic-pibiti\/","title":{"rendered":"Pibic\/Pibiti"},"content":{"rendered":"\n<style>\n.ast-above-header-wrap  {\nbackground: none;\n}\n.menu-link {\ncolor: #ffffff !important;\n}\n<\/style>\n\n\n\n<div id=\"pibic-pibiti\" class=\"wp-block-uagb-container centro uagb-block-70338876 alignfull uagb-is-root-container\"><div class=\"uagb-container-inner-blocks-wrap\">\n<div class=\"wp-block-uagb-advanced-heading uagb-block-ab417678\"><h1 class=\"uagb-heading-text\"><strong>PIBIC\/PIBITI<\/strong><\/h1><div class=\"uagb-separator\"><\/div><\/div>\n<\/div><\/div>\n\n\n\n<div id=\"ccnt\" class=\"wp-block-uagb-container centro uagb-block-0009eed0 alignfull uagb-is-root-container\"><div class=\"uagb-container-inner-blocks-wrap\">\n<div class=\"wp-block-uagb-advanced-heading uagb-block-8256ed1d turma\"><h1 class=\"uagb-heading-text\"><a href=\"https:\/\/sic.uepa.br\/2023\/index.php\/comunicacoes\/pibic-pibiti\/ccnt\/\" data-type=\"URL\" data-id=\"https:\/\/marinho.tech\">Ci\u00eancias Exatas, da Terra e Engenharias<\/a><\/h1><div class=\"uagb-separator\"><\/div><\/div>\n<\/div><\/div>\n\n\n\n<div id=\"ccbs\" class=\"wp-block-uagb-container centro uagb-block-bc4f48d7 alignfull uagb-is-root-container\"><div class=\"uagb-container-inner-blocks-wrap\">\n<div class=\"wp-block-uagb-advanced-heading uagb-block-714f7a9d turma\"><h1 class=\"uagb-heading-text\"><a href=\"https:\/\/sic.uepa.br\/2023\/index.php\/comunicacoes\/pibic-pibiti\/ccbs\/\" data-type=\"URL\" data-id=\"https:\/\/marinho.tech\">Ci\u00eancias da Vida<\/a><\/h1><div class=\"uagb-separator\"><\/div><\/div>\n<\/div><\/div>\n\n\n\n<div id=\"ccse\" class=\"wp-block-uagb-container centro uagb-block-a3db2526 alignfull uagb-is-root-container\"><div class=\"uagb-container-inner-blocks-wrap\">\n<div class=\"wp-block-uagb-advanced-heading uagb-block-bbcdc014 turma\"><h1 class=\"uagb-heading-text\"><a href=\"https:\/\/sic.uepa.br\/2023\/index.php\/comunicacoes\/pibic-pibiti\/ccse\/\" data-type=\"URL\" data-id=\"https:\/\/marinho.tech\">Ci\u00eancias Humanas e Sociais, Letras e Artes<\/a><\/h1><div class=\"uagb-separator\"><\/div><\/div>\n<\/div><\/div>\n","protected":false},"excerpt":{"rendered":"<p>PIBIC\/PIBITI Ci\u00eancias Exatas, da Terra e Engenharias Ci\u00eancias da Vida Ci\u00eancias Humanas e Sociais, Letras e Artes<\/p>\n","protected":false},"author":1,"featured_media":0,"parent":265,"menu_order":0,"comment_status":"closed","ping_status":"closed","template":"","meta":{"_uag_custom_page_level_css":"","site-sidebar-layout":"no-sidebar","site-content-layout":"","ast-site-content-layout":"","site-content-style":"default","site-sidebar-style":"default","ast-global-header-display":"","ast-banner-title-visibility":"","ast-main-header-display":"disabled","ast-hfb-above-header-display":"","ast-hfb-below-header-display":"","ast-hfb-mobile-header-display":"","site-post-title":"disabled","ast-breadcrumbs-content":"disabled","ast-featured-img":"disabled","footer-sml-layout":"disabled","theme-transparent-header-meta":"enabled","adv-header-id-meta":null,"stick-header-meta":null,"header-above-stick-meta":null,"header-main-stick-meta":null,"header-below-stick-meta":null,"astra-migrate-meta-layouts":"","ast-page-background-enabled":"default","ast-page-background-meta":{"desktop":{"background-color":"var(--ast-global-color-4)","background-image":"","background-repeat":"repeat","background-position":"center center","background-size":"auto","background-attachment":"scroll","background-type":"","background-media":"","overlay-type":"","overlay-color":"","overlay-gradient":""},"tablet":{"background-color":"","background-image":"","background-repeat":"repeat","background-position":"center center","background-size":"auto","background-attachment":"scroll","background-type":"","background-media":"","overlay-type":"","overlay-color":"","overlay-gradient":""},"mobile":{"background-color":"","background-image":"","background-repeat":"repeat","background-position":"center center","background-size":"auto","background-attachment":"scroll","background-type":"","background-media":"","overlay-type":"","overlay-color":"","overlay-gradient":""}},"ast-content-background-meta":{"desktop":{"background-color":"var(--ast-global-color-5)","background-image":"","background-repeat":"repeat","background-position":"center center","background-size":"auto","background-attachment":"scroll","background-type":"","background-media":"","overlay-type":"","overlay-color":"","overlay-gradient":""},"tablet":{"background-color":"var(--ast-global-color-5)","background-image":"","background-repeat":"repeat","background-position":"center center","background-size":"auto","background-attachment":"scroll","background-type":"","background-media":"","overlay-type":"","overlay-color":"","overlay-gradient":""},"mobile":{"background-color":"var(--ast-global-color-5)","background-image":"","background-repeat":"repeat","background-position":"center center","background-size":"auto","background-attachment":"scroll","background-type":"","background-media":"","overlay-type":"","overlay-color":"","overlay-gradient":""}},"footnotes":""},"uagb_featured_image_src":{"full":false,"thumbnail":false,"medium":false,"medium_large":false,"large":false,"1536x1536":false,"2048x2048":false},"uagb_author_info":{"display_name":"adminsites@uepa.br","author_link":"https:\/\/sic.uepa.br\/2023\/index.php\/author\/adminsitesuepa-br\/"},"uagb_comment_info":0,"uagb_excerpt":"PIBIC\/PIBITI Ci\u00eancias Exatas, da Terra e Engenharias Ci\u00eancias da Vida Ci\u00eancias Humanas e Sociais, Letras e Artes","_links":{"self":[{"href":"https:\/\/sic.uepa.br\/2023\/index.php\/wp-json\/wp\/v2\/pages\/280"}],"collection":[{"href":"https:\/\/sic.uepa.br\/2023\/index.php\/wp-json\/wp\/v2\/pages"}],"about":[{"href":"https:\/\/sic.uepa.br\/2023\/index.php\/wp-json\/wp\/v2\/types\/page"}],"author":[{"embeddable":true,"href":"https:\/\/sic.uepa.br\/2023\/index.php\/wp-json\/wp\/v2\/users\/1"}],"replies":[{"embeddable":true,"href":"https:\/\/sic.uepa.br\/2023\/index.php\/wp-json\/wp\/v2\/comments?post=280"}],"version-history":[{"count":5,"href":"https:\/\/sic.uepa.br\/2023\/index.php\/wp-json\/wp\/v2\/pages\/280\/revisions"}],"predecessor-version":[{"id":1386,"href":"https:\/\/sic.uepa.br\/2023\/index.php\/wp-json\/wp\/v2\/pages\/280\/revisions\/1386"}],"up":[{"embeddable":true,"href":"https:\/\/sic.uepa.br\/2023\/index.php\/wp-json\/wp\/v2\/pages\/265"}],"wp:attachment":[{"href":"https:\/\/sic.uepa.br\/2023\/index.php\/wp-json\/wp\/v2\/media?parent=280"}],"curies":[{"name":"wp","href":"https:\/\/api.w.org\/{rel}","templated":true}]}}