{"id":757,"date":"2022-01-18T17:46:00","date_gmt":"2022-01-18T17:46:00","guid":{"rendered":"https:\/\/paginas.uepa.br\/sic\/2022\/?page_id=24"},"modified":"2025-07-16T13:53:48","modified_gmt":"2025-07-16T13:53:48","slug":"home","status":"publish","type":"page","link":"https:\/\/sic.uepa.br\/2023\/","title":{"rendered":"Home"},"content":{"rendered":"\n<style>\n.site-header {\ndisplay: none;\n}\n.ocs-slidebar.ocs-menu {\nbackground-color: #54AA9D!important;\n}\n.menu {\n \n  position: fixed;\n  right: 15px;\n  top: 15px;\n  width: 60px;\n  height: 60px;\n  display: flex;\n  align-items: center;\n  justify-content: center;\n  color: #fff;\n  background: rgba(52, 58, 64, 0.5);\n  z-index: 999;\n\n}\n.teste {\n   display: block;\n    margin: 0 auto;\n}\n#btnSaibaMais {\n\n\n  justify-content: center;\n  align-items: center;  \nbottom:15px;\n  display: block;\nmargin: 0 auto;\n  max-width: 100% !important;\ncolor: #000;\n}\n#apresentacaoBtn {\n  background-size: 65px !important;\n  background-position: center !important;\n  background-repeat: no-repeat !important;\n  overflow: hidden !important;\n  display: flex;\n  align-items: center;\n  justify-content: center;\n}\n.btn-primary-ccnt {\ncolor: #e4f1ee!important;\nbackground-color: #55AB9D!important;\nborder-color: #f1b234 !important;\n}\n.btn-primary-ccnt:hover {\ncolor: #fff!important;\nbackground-color: #488c81!important;\nborder-color: #24100c!important;\n}\n.btn-primary-ccse{\ncolor: #dfe6f4 !important;\nbackground-color: #1c75bc !important;\nborder-color: #204d79 !important;\n}\n.btn-primary-ccse:hover {\ncolor: #dfe6f4 !important;\nbackground-color: #204d79 !important;\nborder-color: #19293c !important;\n}\n  .portfolio-item {\n    transition: -webkit-clip-path 0.25s ease-out;\n    transition: clip-path 0.25s ease-out;\n    transition: clip-path 0.25s ease-out, -webkit-clip-path 0.25s ease-out;\n    -webkit-clip-path: inset(-1px);\n            clip-path: inset(-1px);\n  }\n  .portfolio-item:hover {\n    -webkit-clip-path: inset(2rem);\n            clip-path: inset(2rem);\n  }\n.social-icons-top {\n  border-bottom-left-radius: 50%;\n  border-bottom-right-radius: 50%;\n  position: fixed;\n  z-index: 99;\n  right: 50%;\n  margin-right: -130px;\n  width: 260px;\n  height: 60px;\n  background-color: #D7DF21!important;\n}\n\n.social-icons-top > ul {\n  font-size: 25px;\n  margin-top: 15px;\n}\n\n.social-icons-top > ul > li > a:hover {\n  color: #2e3192;\n}\n\n.social-icons-top > ul > li > a {\n  color: white;\n}\n<\/style>\n\n\n\n<!-- https:\/\/fontawesome.com\/ -->\n        <script src=\"js\/all.js\"><\/script>\n        <link href=\"css\/all.css\" rel=\"stylesheet\" type=\"text\/css\">\n        <!-- simple-line-icons -->\n        <link href=\"css\/simple-line-icons.min.css\" rel=\"stylesheet\" type=\"text\/css\">\n        <!-- Google Fontes -->\n        <link href=\"css\/fontes.css\" rel=\"stylesheet\" type=\"text\/css\">\n        <!-- Start Bootstrap - Stylish Portfolio v6.0.4 -->\n        <link href=\"css\/estiloSP.css\" rel=\"stylesheet\" type=\"text\/css\">\n        <!-- Estilo Customizado da UFPA -->\n        <link href=\"css\/estiloUepaCustomizado.css\" rel=\"stylesheet\" type=\"text\/css\">\n        <!-- Estilo Customizado Desconhecido... SSS acredito eu, n\u00e3o sei se fizeram ou copiaram de algum lugar -->\n        <link href=\"css\/estiloDesconhecido.css\" rel=\"stylesheet\" type=\"text\/css\">\n        <!-- glide-3.4.1 -->\n        <link href=\"glide-3.4.1\/dist\/css\/glide.core.min.css\" rel=\"stylesheet\" type=\"text\/css\">\n        <link href=\"glide-3.4.1\/dist\/css\/glide.theme.min.css\" rel=\"stylesheet\" type=\"text\/css\">\n        <script src=\"glide-3.4.1\/dist\/glide.min.js\"><\/script>\n\n\n\n<div class=\"social-icons-top\">\n            <ul class=\"list-inline mb-5 text-center\" style=\"margin-left:auto; margin-rigth:auto;\">\n                <!-- LINK UEPA -->\n                <li class=\"list-inline-item\">\n                    <a class=\"mr-3\" target=\"_blank\" href=\"https:\/\/www.uepa.br\/\" rel=\"noopener\">\n<i class=\"fas fa-globe\"><\/i>\n                    <\/a>\n                <\/li>\n                <!-- LINK YOUTUBE -->\n                <li class=\"list-inline-item\">\n                    <a class=\"mr-3\" target=\"_blank\" href=\"https:\/\/www.youtube.com\/c\/UniversidadedoEstadodoPar%C3%A1\" rel=\"noopener\">\n<i class=\"fab fa-youtube\"><\/i>\n                    <\/a>\n                <\/li>\n                <!-- LINK FACEBOOK -->\n                <li class=\"list-inline-item\">\n                    <a class=\"mr-3\" target=\"_blank\" href=\"https:\/\/pt-br.facebook.com\/UepaOficial\/\" rel=\"noopener\">\n<i class=\"fab fa-facebook\"><\/i>\n                    <\/a>\n                <\/li>\n                <!-- LINK INSTAGRAM -->\n                <li class=\"list-inline-item\">\n                    <a class=\"mr-3\" target=\"_blank\" href=\"https:\/\/instagram.com\/uepaoficial?utm_medium=copy_link\" rel=\"noopener\">\n<i class=\"fab fa-instagram\"><\/i>\n                    <\/a>\n                <\/li>\n                <!-- LINK TWITER -->\n                <li class=\"list-inline-item\">\n                    <a class=\"mr-3\" target=\"_blank\" href=\"https:\/\/twitter.com\/uepaoficial?ref_src=twsrc%5Egoogle%7Ctwcamp%5Eserp%7Ctwgr%5Eauthor\" rel=\"noopener\">\n<i class=\"fab fa-twitter\"><\/i>\n                    <\/a>\n                <\/li>\n            <\/ul>\n        <\/div>\n\n\n\n<div class=\"aligncenter\" id=\"flutuante\">\n<button class=\"menu rounded ocs-trigger ocs-toggle ocs-toggle-menu\"><i class=\"fas fa-bars fa-2x\"><\/i>\n<\/button>\n<\/div>\n\n\n\n<div class=\"inherit-container-width wp-block-group alignfull has-background uag-hide-desktop uag-hide-tab uag-hide-mob is-layout-constrained wp-block-group-is-layout-constrained\" style=\"background:linear-gradient(90deg,rgb(234,151,143) 0%,rgb(138,178,150) 48%,rgb(159,183,222) 100%)\">\n<div class=\"wp-block-columns alignwide is-layout-flex wp-container-core-columns-is-layout-1 wp-block-columns-is-layout-flex\">\n<div class=\"wp-block-column is-layout-flow wp-block-column-is-layout-flow\"><div id='sa_invalid_postid'>Slide Anything shortcode error: A valid ID has not been provided<\/div>\n\n\n\n\n<button id=\"btnSaibaMais\" class=\"mw-100 btnMasthead\" onclick=\"document.getElementById('sic').scrollIntoView();\">SAIBA MAIS<br>\n<i class=\"fas fa-chevron-down\"><\/i>\n            <\/button>\n<\/div>\n<\/div>\n<\/div>\n\n\n\n<div class=\"wp-block-uagb-container padding-0 uagb-block-a241d600 alignfull uagb-is-root-container\"><div class=\"uagb-container-inner-blocks-wrap\">\n<\/div><\/div>\n\n\n\n<div class=\"inherit-container-width wp-block-group alignfull has-ast-global-color-4-background-color has-background is-layout-constrained wp-block-group-is-layout-constrained\" id=\"sic\">\n<h1 class=\"wp-block-heading has-text-align-center\" id=\"x-seminario-de-integracao-cientifica\"><strong>XI Semin\u00e1rio de Integra\u00e7\u00e3o Cient\u00edfica<\/strong> \/ <strong>I Webin\u00e1rio de Desenvolvimento T\u00e9cnico-Cient\u00edfico Sustent\u00e1vel<\/strong><\/h1>\n\n\n\n<div class=\"wp-block-columns alignwide is-layout-flex wp-container-core-columns-is-layout-2 wp-block-columns-is-layout-flex\">\n<div class=\"wp-block-column is-layout-flow wp-block-column-is-layout-flow\">\n<div class=\"\" style=\"align-items: center; justify-content: center;\">\n                        <button style=\"align-items: center; justify-content: center;line-height: 6rem;\" class=\"service-icon rounded-circle mx-auto mb-3 btn-primary-ccnt\" id=\"apresentacaoBtn\" onclick=\"window.location.href='https:\/\/sic.uepa.br\/2023\/index.php\/apresentacao\/'\">\n                            <i class=\"fas fa-chalkboard-teacher\" style=\"margin-left:auto; margin-rigth:auto;\"><\/i>              <\/button>\n                        \n                    <\/div>\n\n\n\n<h4 class=\"wp-block-heading has-text-align-center has-ast-global-color-1-color has-text-color\" id=\"apresentacao\">Apresenta\u00e7\u00e3o<\/h4>\n<\/div>\n\n\n\n<div class=\"wp-block-column is-layout-flow wp-block-column-is-layout-flow\">\n<div class=\"\">\n                        <button style=\"align-items: center; justify-content: center;line-height: 6rem;\" class=\"service-icon rounded-circle mx-auto mb-3 btn-primary-ccnt\" id=\"apresentacaoBtn\" onclick=\"window.location.href='https:\/\/sic.uepa.br\/2023\/index.php\/comite\/'\">\n                            <i class=\"fas fa-users\"><\/i>\n                        <\/button>\n                        \n                    <\/div>\n\n\n\n<h4 class=\"wp-block-heading has-text-align-center\" id=\"comite-cientifico-interno\"> Comit\u00ea Cient\u00edfico Interno<\/h4>\n<\/div>\n\n\n\n<div class=\"wp-block-column is-layout-flow wp-block-column-is-layout-flow\">\n<div class=\"\">\n                        <button style=\"align-items: center; justify-content: center;line-height: 6rem;\" class=\"service-icon rounded-circle mx-auto mb-3 btn-primary-ccnt\" id=\"apresentacaoBtn\" onclick=\"window.location.href='https:\/\/sic.uepa.br\/2023\/index.php\/comissao\/'\">\n                            <i class=\"fas fa-sitemap\"><\/i>\n                        <\/button>\n                        \n                    <\/div>\n\n\n\n<h4 class=\"wp-block-heading has-text-align-center\" id=\"comissao-organizadora\">  Comiss\u00e3o Organizadora<\/h4>\n<\/div>\n<\/div>\n\n\n\n<div class=\"wp-block-columns is-layout-flex wp-container-core-columns-is-layout-3 wp-block-columns-is-layout-flex\">\n<div class=\"wp-block-column is-layout-flow wp-block-column-is-layout-flow\">\n<div class=\"\">\n                        <button style=\"align-items: center; justify-content: center;line-height: 6rem;\" class=\"service-icon rounded-circle mx-auto mb-3 btn-primary-ccnt\" id=\"apresentacaoBtn\" onclick=\"window.location.href='https:\/\/sic.uepa.br\/2023\/index.php\/edicoes-anteriores\/'\">\n<i class=\"fas fa-business-time\"><\/i>               <\/button>\n                        \n                    <\/div>\n\n\n\n<h4 class=\"wp-block-heading has-text-align-center\" id=\"edicoes-anteriores\">Edi\u00e7\u00f5es Anteriores<\/h4>\n<\/div>\n\n\n\n<div class=\"wp-block-column is-layout-flow wp-block-column-is-layout-flow\">\n<div class=\"\">\n                        <button style=\"align-items: center; justify-content: center;line-height: 6rem;\" class=\"service-icon rounded-circle mx-auto mb-3 btn-primary-ccnt\" id=\"apresentacaoBtn\" onclick=\"window.location.href='https:\/\/sic.uepa.br\/2023\/index.php\/comunicacoes'\">\n\n<i class=\"fas fa-film\"><\/i>\n                        \n<\/button>\n                                            \n<\/div>\n\n\n\n<h4 class=\"wp-block-heading has-text-align-center\" id=\"comunicacoes\">Comunica\u00e7\u00f5es<\/h4>\n<\/div>\n<\/div>\n<\/div>\n\n\n\n<div class=\"inherit-container-width wp-block-group alignfull has-background is-layout-constrained wp-block-group-is-layout-constrained\" id=\"fique\" style=\"background-color:#d7e5db\">\n<h1 class=\"wp-block-heading has-text-align-center\" id=\"fique-por-dentro\"><strong>FIQUE POR DENTRO<\/strong>ss<\/h1>\n\n\n\n<div class=\"wp-block-columns alignwide are-vertically-aligned-top is-layout-flex wp-container-core-columns-is-layout-4 wp-block-columns-is-layout-flex\">\n<div class=\"wp-block-column is-vertically-aligned-top is-layout-flow wp-block-column-is-layout-flow\">\n<figure class=\"wp-block-image size-full portfolio-item\"><a href=\"https:\/\/forms.gle\/WmihXToyJmQg5U8C8\"><img loading=\"lazy\" decoding=\"async\" width=\"600\" height=\"400\" src=\"https:\/\/sic.uepa.br\/2023\/wp-content\/uploads\/2022\/01\/1-1.png\" alt=\"\" class=\"wp-image-526\" srcset=\"https:\/\/sic.uepa.br\/2023\/wp-content\/uploads\/2022\/01\/1-1.png 600w, https:\/\/sic.uepa.br\/2023\/wp-content\/uploads\/2022\/01\/1-1-300x200.png 300w\" sizes=\"(max-width: 600px) 100vw, 600px\" \/><\/a><\/figure>\n\n\n\n<figure class=\"wp-block-image size-full portfolio-item\"><a href=\"https:\/\/sic.uepa.br\/2023\/index.php\/programacao\/\"><img loading=\"lazy\" decoding=\"async\" width=\"600\" height=\"400\" src=\"https:\/\/sic.uepa.br\/2023\/wp-content\/uploads\/2022\/01\/3-1.png\" alt=\"\" class=\"wp-image-528\" srcset=\"https:\/\/sic.uepa.br\/2023\/wp-content\/uploads\/2022\/01\/3-1.png 600w, https:\/\/sic.uepa.br\/2023\/wp-content\/uploads\/2022\/01\/3-1-300x200.png 300w\" sizes=\"(max-width: 600px) 100vw, 600px\" \/><\/a><\/figure>\n<\/div>\n\n\n\n<div class=\"wp-block-column is-vertically-aligned-top is-layout-flow wp-block-column-is-layout-flow\">\n<figure class=\"wp-block-image size-full portfolio-item\"><a href=\"https:\/\/sic.uepa.br\/2023\/index.php\/lives\/\"><img loading=\"lazy\" decoding=\"async\" width=\"600\" height=\"400\" src=\"https:\/\/sic.uepa.br\/2023\/wp-content\/uploads\/2022\/01\/2-1.png\" alt=\"\" class=\"wp-image-527\" srcset=\"https:\/\/sic.uepa.br\/2023\/wp-content\/uploads\/2022\/01\/2-1.png 600w, https:\/\/sic.uepa.br\/2023\/wp-content\/uploads\/2022\/01\/2-1-300x200.png 300w\" sizes=\"(max-width: 600px) 100vw, 600px\" \/><\/a><\/figure>\n\n\n\n<figure class=\"wp-block-image size-full portfolio-item\"><img loading=\"lazy\" decoding=\"async\" width=\"600\" height=\"400\" src=\"https:\/\/sic.uepa.br\/2023\/wp-content\/uploads\/2022\/01\/4-1.png\" alt=\"\" class=\"wp-image-529\" srcset=\"https:\/\/sic.uepa.br\/2023\/wp-content\/uploads\/2022\/01\/4-1.png 600w, https:\/\/sic.uepa.br\/2023\/wp-content\/uploads\/2022\/01\/4-1-300x200.png 300w\" sizes=\"(max-width: 600px) 100vw, 600px\" \/><\/figure>\n<\/div>\n<\/div>\n<\/div>\n\n\n\n<div class=\"inherit-container-width wp-block-group alignfull has-background is-layout-constrained wp-block-group-is-layout-constrained\" id=\"online\" style=\"background-color:#55ab9d\">\n<h1 class=\"wp-block-heading has-text-align-center has-ast-global-color-5-color has-text-color\" id=\"online\"><strong>ONLINE<\/strong><\/h1>\n\n\n\n<div class=\"wp-block-columns alignwide is-layout-flex wp-container-core-columns-is-layout-5 wp-block-columns-is-layout-flex\">\n<div class=\"wp-block-column is-layout-flow wp-block-column-is-layout-flow\">\n<div class=\"\" style=\"align-items: center; justify-content: center;\">\n                        \n<button style=\"align-items: center; justify-content: center;line-height: 6rem;\" class=\"service-icon rounded-circle mx-auto mb-3 btn-facebook\" id=\"apresentacaoBtn\" onclick=\"window.location.href='https:\/\/pt-br.facebook.com\/UepaOficial\/'\">\n\n<i class=\"fab fa-facebook \"><\/i>\n\n<\/button>                       \n                    \n<\/div>\n\n\n\n<h4 class=\"wp-block-heading has-text-align-center has-ast-global-color-5-color has-text-color\" id=\"assistir-no-facebook\">Assistir no Facebook<\/h4>\n<\/div>\n\n\n\n<div class=\"wp-block-column is-layout-flow wp-block-column-is-layout-flow\">\n<div class=\"\">\n                        \n<button style=\"align-items: center; justify-content: center;line-height: 6rem;\" class=\"service-icon rounded-circle mx-auto mb-3 btn-youtube\" id=\"apresentacaoBtn\" onclick=\"window.location.href='https:\/\/www.youtube.com\/c\/UniversidadedoEstadodoPar%C3%A1'\">\n\n<i class=\"fab fa-youtube \"><\/i>\n                        \n<\/button>\n                                            \n<\/div>\n\n\n\n<h4 class=\"wp-block-heading has-text-align-center has-ast-global-color-5-color has-text-color\" id=\"assistir-no-youtube\">Assistir no Youtube<\/h4>\n<\/div>\n<\/div>\n<\/div>\n\n\n\n<style>\n.imgTeste {\nwidth: 300px !important;\nheigth:200px !important;\naspect-ratio: auto 300 \/ 200 !important;\n}\n<\/style>\n\n\n\n<div class=\"wp-block-uagb-container uagb-block-e8f671b9 alignfull uagb-is-root-container\"><div class=\"uagb-container-inner-blocks-wrap\">\n<\/div><\/div>\n\n\n\n<div class=\"inherit-container-width wp-block-group alignfull has-ast-global-color-4-background-color has-background uag-hide-desktop uag-hide-tab uag-hide-mob is-layout-constrained wp-block-group-is-layout-constrained\" id=\"apoio-e-realizacao\">\n<div class=\"wp-block-columns is-layout-flex wp-container-core-columns-is-layout-6 wp-block-columns-is-layout-flex\">\n<div class=\"wp-block-column is-layout-flow wp-block-column-is-layout-flow\">\n<figure class=\"wp-block-image aligncenter size-large is-resized\"><img loading=\"lazy\" decoding=\"async\" width=\"1024\" height=\"452\" src=\"https:\/\/sic.uepa.br\/2023\/wp-content\/uploads\/2022\/01\/LogoUepa-2-1024x452.png\" alt=\"\" class=\"wp-image-729\" style=\"width:300px\" srcset=\"https:\/\/sic.uepa.br\/2023\/wp-content\/uploads\/2022\/01\/LogoUepa-2-1024x452.png 1024w, https:\/\/sic.uepa.br\/2023\/wp-content\/uploads\/2022\/01\/LogoUepa-2-300x133.png 300w, https:\/\/sic.uepa.br\/2023\/wp-content\/uploads\/2022\/01\/LogoUepa-2-768x339.png 768w, https:\/\/sic.uepa.br\/2023\/wp-content\/uploads\/2022\/01\/LogoUepa-2.png 1523w\" sizes=\"(max-width: 1024px) 100vw, 1024px\" \/><\/figure>\n<\/div>\n\n\n\n<div class=\"wp-block-column is-layout-flow wp-block-column-is-layout-flow\">\n<figure class=\"wp-block-image aligncenter size-large\"><img decoding=\"async\" src=\"https:\/\/sic.uepa.br\/2023\/wp-content\/uploads\/2022\/01\/Logo-Propesp-01-1024x683.png\" alt=\"\" class=\"wp-image-728\"\/><\/figure>\n<\/div>\n\n\n\n<div class=\"wp-block-column is-layout-flow wp-block-column-is-layout-flow\">\n<figure class=\"wp-block-image aligncenter size-full\"><img loading=\"lazy\" decoding=\"async\" width=\"400\" height=\"218\" src=\"https:\/\/sic.uepa.br\/2023\/wp-content\/uploads\/2022\/01\/fapespa-1.png\" alt=\"\" class=\"wp-image-726\" srcset=\"https:\/\/sic.uepa.br\/2023\/wp-content\/uploads\/2022\/01\/fapespa-1.png 400w, https:\/\/sic.uepa.br\/2023\/wp-content\/uploads\/2022\/01\/fapespa-1-300x164.png 300w\" sizes=\"(max-width: 400px) 100vw, 400px\" \/><\/figure>\n<\/div>\n\n\n\n<div class=\"wp-block-column is-layout-flow wp-block-column-is-layout-flow\">\n<figure class=\"wp-block-image aligncenter size-large is-resized\"><img loading=\"lazy\" decoding=\"async\" width=\"1024\" height=\"517\" src=\"https:\/\/sic.uepa.br\/2023\/wp-content\/uploads\/2022\/02\/DSPDFINALIZADO-1024x517.png\" alt=\"\" class=\"wp-image-756\" style=\"width:287px;height:145px\" srcset=\"https:\/\/sic.uepa.br\/2023\/wp-content\/uploads\/2022\/02\/DSPDFINALIZADO-1024x517.png 1024w, https:\/\/sic.uepa.br\/2023\/wp-content\/uploads\/2022\/02\/DSPDFINALIZADO-300x151.png 300w, https:\/\/sic.uepa.br\/2023\/wp-content\/uploads\/2022\/02\/DSPDFINALIZADO-768x388.png 768w, https:\/\/sic.uepa.br\/2023\/wp-content\/uploads\/2022\/02\/DSPDFINALIZADO-1536x775.png 1536w, https:\/\/sic.uepa.br\/2023\/wp-content\/uploads\/2022\/02\/DSPDFINALIZADO-2048x1034.png 2048w\" sizes=\"(max-width: 1024px) 100vw, 1024px\" \/><\/figure>\n<\/div>\n<\/div>\n\n\n\n<div class=\"wp-block-columns is-layout-flex wp-container-core-columns-is-layout-7 wp-block-columns-is-layout-flex\">\n<div class=\"wp-block-column is-layout-flow wp-block-column-is-layout-flow\">\n<figure class=\"wp-block-image aligncenter size-full is-resized\"><img loading=\"lazy\" decoding=\"async\" width=\"785\" height=\"288\" src=\"https:\/\/sic.uepa.br\/2023\/wp-content\/uploads\/2022\/01\/GovernoPara_Cores_Horizontal.png\" alt=\"\" class=\"wp-image-727\" style=\"width:300px\" srcset=\"https:\/\/sic.uepa.br\/2023\/wp-content\/uploads\/2022\/01\/GovernoPara_Cores_Horizontal.png 785w, https:\/\/sic.uepa.br\/2023\/wp-content\/uploads\/2022\/01\/GovernoPara_Cores_Horizontal-300x110.png 300w, https:\/\/sic.uepa.br\/2023\/wp-content\/uploads\/2022\/01\/GovernoPara_Cores_Horizontal-768x282.png 768w\" sizes=\"(max-width: 785px) 100vw, 785px\" \/><\/figure>\n<\/div>\n\n\n\n<div class=\"wp-block-column is-layout-flow wp-block-column-is-layout-flow\">\n<figure class=\"wp-block-image aligncenter size-large is-resized\"><img loading=\"lazy\" decoding=\"async\" width=\"1024\" height=\"437\" src=\"https:\/\/sic.uepa.br\/2023\/wp-content\/uploads\/2022\/01\/cnpq-logo-1024x437.png\" alt=\"\" class=\"wp-image-725\" style=\"width:300px\" srcset=\"https:\/\/sic.uepa.br\/2023\/wp-content\/uploads\/2022\/01\/cnpq-logo-1024x437.png 1024w, https:\/\/sic.uepa.br\/2023\/wp-content\/uploads\/2022\/01\/cnpq-logo-300x128.png 300w, https:\/\/sic.uepa.br\/2023\/wp-content\/uploads\/2022\/01\/cnpq-logo-768x328.png 768w, https:\/\/sic.uepa.br\/2023\/wp-content\/uploads\/2022\/01\/cnpq-logo-1536x656.png 1536w, https:\/\/sic.uepa.br\/2023\/wp-content\/uploads\/2022\/01\/cnpq-logo-2048x875.png 2048w\" sizes=\"(max-width: 1024px) 100vw, 1024px\" \/><\/figure>\n<\/div>\n\n\n\n<div class=\"wp-block-column is-layout-flow wp-block-column-is-layout-flow\">\n<figure class=\"wp-block-image aligncenter size-large is-resized\"><img loading=\"lazy\" decoding=\"async\" width=\"1024\" height=\"948\" src=\"https:\/\/sic.uepa.br\/2023\/wp-content\/uploads\/2022\/01\/capes-1024x948.png\" alt=\"\" class=\"wp-image-724\" style=\"width:300px;height:153px\" srcset=\"https:\/\/sic.uepa.br\/2023\/wp-content\/uploads\/2022\/01\/capes-1024x948.png 1024w, https:\/\/sic.uepa.br\/2023\/wp-content\/uploads\/2022\/01\/capes-300x278.png 300w, https:\/\/sic.uepa.br\/2023\/wp-content\/uploads\/2022\/01\/capes-768x711.png 768w, https:\/\/sic.uepa.br\/2023\/wp-content\/uploads\/2022\/01\/capes-1536x1422.png 1536w, https:\/\/sic.uepa.br\/2023\/wp-content\/uploads\/2022\/01\/capes-2048x1896.png 2048w\" sizes=\"(max-width: 1024px) 100vw, 1024px\" \/><\/figure>\n<\/div>\n<\/div>\n<\/div>\n","protected":false},"excerpt":{"rendered":"<p>SAIBA MAIS XI Semin\u00e1rio de Integra\u00e7\u00e3o Cient\u00edfica \/ I Webin\u00e1rio de Desenvolvimento T\u00e9cnico-Cient\u00edfico Sustent\u00e1vel Apresenta\u00e7\u00e3o Comit\u00ea Cient\u00edfico Interno Comiss\u00e3o Organizadora Edi\u00e7\u00f5es Anteriores Comunica\u00e7\u00f5es FIQUE POR DENTROss ONLINE Assistir no Facebook Assistir no Youtube<\/p>\n","protected":false},"author":1,"featured_media":0,"parent":0,"menu_order":0,"comment_status":"closed","ping_status":"closed","template":"","meta":{"_uag_custom_page_level_css":"","site-sidebar-layout":"no-sidebar","site-content-layout":"","ast-site-content-layout":"default","site-content-style":"default","site-sidebar-style":"default","ast-global-header-display":"","ast-banner-title-visibility":"","ast-main-header-display":"disabled","ast-hfb-above-header-display":"","ast-hfb-below-header-display":"","ast-hfb-mobile-header-display":"","site-post-title":"disabled","ast-breadcrumbs-content":"disabled","ast-featured-img":"disabled","footer-sml-layout":"enabled","theme-transparent-header-meta":"disabled","adv-header-id-meta":"","stick-header-meta":"","header-above-stick-meta":"","header-main-stick-meta":"","header-below-stick-meta":"","astra-migrate-meta-layouts":"set","ast-page-background-enabled":"default","ast-page-background-meta":{"desktop":{"background-color":"var(--ast-global-color-4)","background-image":"","background-repeat":"repeat","background-position":"center center","background-size":"auto","background-attachment":"scroll","background-type":"","background-media":"","overlay-type":"","overlay-color":"","overlay-gradient":""},"tablet":{"background-color":"","background-image":"","background-repeat":"repeat","background-position":"center center","background-size":"auto","background-attachment":"scroll","background-type":"","background-media":"","overlay-type":"","overlay-color":"","overlay-gradient":""},"mobile":{"background-color":"","background-image":"","background-repeat":"repeat","background-position":"center center","background-size":"auto","background-attachment":"scroll","background-type":"","background-media":"","overlay-type":"","overlay-color":"","overlay-gradient":""}},"ast-content-background-meta":{"desktop":{"background-color":"var(--ast-global-color-5)","background-image":"","background-repeat":"repeat","background-position":"center center","background-size":"auto","background-attachment":"scroll","background-type":"","background-media":"","overlay-type":"","overlay-color":"","overlay-gradient":""},"tablet":{"background-color":"var(--ast-global-color-5)","background-image":"","background-repeat":"repeat","background-position":"center center","background-size":"auto","background-attachment":"scroll","background-type":"","background-media":"","overlay-type":"","overlay-color":"","overlay-gradient":""},"mobile":{"background-color":"var(--ast-global-color-5)","background-image":"","background-repeat":"repeat","background-position":"center center","background-size":"auto","background-attachment":"scroll","background-type":"","background-media":"","overlay-type":"","overlay-color":"","overlay-gradient":""}},"footnotes":""},"uagb_featured_image_src":{"full":false,"thumbnail":false,"medium":false,"medium_large":false,"large":false,"1536x1536":false,"2048x2048":false},"uagb_author_info":{"display_name":"adminsites@uepa.br","author_link":"https:\/\/sic.uepa.br\/2023\/index.php\/author\/adminsitesuepa-br\/"},"uagb_comment_info":0,"uagb_excerpt":"SAIBA MAIS XI Semin\u00e1rio de Integra\u00e7\u00e3o Cient\u00edfica \/ I Webin\u00e1rio de Desenvolvimento T\u00e9cnico-Cient\u00edfico Sustent\u00e1vel Apresenta\u00e7\u00e3o Comit\u00ea Cient\u00edfico Interno Comiss\u00e3o Organizadora Edi\u00e7\u00f5es Anteriores Comunica\u00e7\u00f5es FIQUE POR DENTROss ONLINE Assistir no Facebook Assistir no Youtube","_links":{"self":[{"href":"https:\/\/sic.uepa.br\/2023\/index.php\/wp-json\/wp\/v2\/pages\/757"}],"collection":[{"href":"https:\/\/sic.uepa.br\/2023\/index.php\/wp-json\/wp\/v2\/pages"}],"about":[{"href":"https:\/\/sic.uepa.br\/2023\/index.php\/wp-json\/wp\/v2\/types\/page"}],"author":[{"embeddable":true,"href":"https:\/\/sic.uepa.br\/2023\/index.php\/wp-json\/wp\/v2\/users\/1"}],"replies":[{"embeddable":true,"href":"https:\/\/sic.uepa.br\/2023\/index.php\/wp-json\/wp\/v2\/comments?post=757"}],"version-history":[{"count":7,"href":"https:\/\/sic.uepa.br\/2023\/index.php\/wp-json\/wp\/v2\/pages\/757\/revisions"}],"predecessor-version":[{"id":1474,"href":"https:\/\/sic.uepa.br\/2023\/index.php\/wp-json\/wp\/v2\/pages\/757\/revisions\/1474"}],"wp:attachment":[{"href":"https:\/\/sic.uepa.br\/2023\/index.php\/wp-json\/wp\/v2\/media?parent=757"}],"curies":[{"name":"wp","href":"https:\/\/api.w.org\/{rel}","templated":true}]}}