{"id":285,"date":"2022-01-19T13:50:57","date_gmt":"2022-01-19T13:50:57","guid":{"rendered":"https:\/\/paginas.uepa.br\/sic\/2022\/?page_id=285"},"modified":"2024-03-04T13:56:27","modified_gmt":"2024-03-04T13:56:27","slug":"apresentacao","status":"publish","type":"page","link":"https:\/\/sic.uepa.br\/2024\/index.php\/apresentacao\/","title":{"rendered":"Apresenta\u00e7\u00e3o"},"content":{"rendered":"\n<div class=\"wp-block-uagb-container uagb-block-b971e21f alignfull uagb-is-root-container\"><div class=\"uagb-container-inner-blocks-wrap\">\n<p class=\"has-text-align-center\">O Semin\u00e1rio de Integra\u00e7\u00e3o Cient\u00edfica da Universidade do Estado do Par\u00e1 (SIC\/UEPA) chega \u00e0 sua 12\u00aa Edi\u00e7\u00e3o. Nesta oportunidade, aborda a tem\u00e1tica \u201cAMAZ\u00d4NIA EM FOCO: Ci\u00eancia, Soberania e Desenvolvimento Sustent\u00e1vel\u201d. Diante do ineditismo do an\u00fancio oficial de Bel\u00e9m do Par\u00e1 como sede da COP 30, em 2025, n\u00e3o apenas a agenda ambiental entrou na ordem do dia, mas as diversas dimens\u00f5es da produ\u00e7\u00e3o da exist\u00eancia humana na Amaz\u00f4nia tem sido alvo de permanente preocupa\u00e7\u00e3o.\r<br>\r<br>Como nunca, a Amaz\u00f4nia est\u00e1 no centro do debate! Seja pela riqueza da sua biodiversidade, sejam pelas grandes amea\u00e7as e conflitos, o ponto de inflex\u00e3o est\u00e1 na convic\u00e7\u00e3o da impossibilidade de se pensar estrategicamente a Amaz\u00f4nia sem dimensionar o seu reflexo em termos globais.\r<br>\r<br>Nesse sentido, a comunidade Uepiana, por meio de seu corpo de pesquisadores, estudantes, especialistas convidados e interessados em geral, se reunir\u00e1 virtualmente, ao longo dos dias 20 e 21 de mar\u00e7o de 2024, para discutir temas relacionados \u00e0 diversidade, \u00e0 preserva\u00e7\u00e3o e, sobretudo, estrat\u00e9gias para o desenvolvimento sustent\u00e1vel da nossa gigante Amaz\u00f4nia.\r<br>\r<br>Ao todo, o evento reunir\u00e1 aproximadamente 300 pesquisas, distribu\u00eddas nas \u00e1reas da Ci\u00eancias da Vida; Ci\u00eancias Exatas, da Terra e Engenharias; e Ci\u00eancias Humanas e Sociais, Letras e Artes, em um espa\u00e7o completamente virtual. Na aba referente \u00e0s comunica\u00e7\u00f5es, est\u00e3o dispon\u00edveis os v\u00eddeos gravados antecipadamente para o evento, enquanto na aba referente \u00e0 programa\u00e7\u00e3o, encontra-se o caminho para as lives que ser\u00e3o transmitidas pelo canal oficial da UEPA no YouTube.\r<br>\r<br>A Pr\u00f3-Reitoria de Pesquisa e P\u00f3s-Gradua\u00e7\u00e3o da UEPA convida todos e todas para compartilharem amplamente o conte\u00fado deste site, de modo que se possa fomentar, cada vez mais, a constitui\u00e7\u00e3o de um movimento cr\u00edtico e obstinado, em prol da defesa da Amaz\u00f4nia, da defesa da vida. \r<br>\r<br>Estamos ansiosos para v\u00ea-los(as) novamente em nosso XII SIC\/UEPA.\r<br>\r<br>Prof. Dr. Jofre Jacob da Silva Freitas\r<br>Pr\u00f3-Reitor de Pesquisa e P\u00f3s-Gradua\u00e7\u00e3o\r<br>\r<br>Prof. Dr. Anibal Correia Brito Neto\r<br>Diretor de Desenvolvimento \u00e0 Pesquisa\r<br>\r<br>Prof. Dr. Willame de Oliveira Ribeiro\r<br>Diretor de Desenvolvimento \u00e0 P\u00f3s-Gradua\u00e7\u00e3o\r<br>\r<br>Profa. Dra. Luanna de Melo Pereira Fernandes\r<br>Diretora de Acompanhamento e Controle De Qualifica\u00e7\u00e3o\r<br><\/p>\n<\/div><\/div>\n","protected":false},"excerpt":{"rendered":"<p>O Semin\u00e1rio de Integra\u00e7\u00e3o Cient\u00edfica da Universidade do Estado do Par\u00e1 (SIC\/UEPA) chega \u00e0 sua 12\u00aa Edi\u00e7\u00e3o. Nesta oportunidade, aborda a tem\u00e1tica \u201cAMAZ\u00d4NIA EM FOCO: Ci\u00eancia, Soberania e Desenvolvimento Sustent\u00e1vel\u201d. Diante do ineditismo do an\u00fancio oficial de Bel\u00e9m do Par\u00e1 como sede da COP 30, em 2025, n\u00e3o apenas a agenda ambiental entrou na ordem &hellip;<\/p>\n<p class=\"read-more\"> <a class=\"\" href=\"https:\/\/sic.uepa.br\/2024\/index.php\/apresentacao\/\"> <span class=\"screen-reader-text\">Apresenta\u00e7\u00e3o<\/span> Leia mais &raquo;<\/a><\/p>\n","protected":false},"author":1,"featured_media":0,"parent":0,"menu_order":0,"comment_status":"closed","ping_status":"closed","template":"","meta":{"_uag_custom_page_level_css":"","site-sidebar-layout":"no-sidebar","site-content-layout":null,"ast-site-content-layout":"default","site-content-style":"default","site-sidebar-style":"default","ast-global-header-display":"","ast-banner-title-visibility":"","ast-main-header-display":"enabled","ast-hfb-above-header-display":"","ast-hfb-below-header-display":"","ast-hfb-mobile-header-display":"","site-post-title":"enabled","ast-breadcrumbs-content":"","ast-featured-img":"","footer-sml-layout":"","theme-transparent-header-meta":"disabled","adv-header-id-meta":null,"stick-header-meta":null,"header-above-stick-meta":null,"header-main-stick-meta":null,"header-below-stick-meta":null,"astra-migrate-meta-layouts":"set","ast-page-background-enabled":"default","ast-page-background-meta":{"desktop":{"background-color":"var(--ast-global-color-4)","background-image":"","background-repeat":"repeat","background-position":"center center","background-size":"auto","background-attachment":"scroll","background-type":"","background-media":"","overlay-type":"","overlay-color":"","overlay-gradient":""},"tablet":{"background-color":"","background-image":"","background-repeat":"repeat","background-position":"center center","background-size":"auto","background-attachment":"scroll","background-type":"","background-media":"","overlay-type":"","overlay-color":"","overlay-gradient":""},"mobile":{"background-color":"","background-image":"","background-repeat":"repeat","background-position":"center center","background-size":"auto","background-attachment":"scroll","background-type":"","background-media":"","overlay-type":"","overlay-color":"","overlay-gradient":""}},"ast-content-background-meta":{"desktop":{"background-color":"var(--ast-global-color-5)","background-image":"","background-repeat":"repeat","background-position":"center center","background-size":"auto","background-attachment":"scroll","background-type":"","background-media":"","overlay-type":"","overlay-color":"","overlay-gradient":""},"tablet":{"background-color":"var(--ast-global-color-5)","background-image":"","background-repeat":"repeat","background-position":"center center","background-size":"auto","background-attachment":"scroll","background-type":"","background-media":"","overlay-type":"","overlay-color":"","overlay-gradient":""},"mobile":{"background-color":"var(--ast-global-color-5)","background-image":"","background-repeat":"repeat","background-position":"center center","background-size":"auto","background-attachment":"scroll","background-type":"","background-media":"","overlay-type":"","overlay-color":"","overlay-gradient":""}},"footnotes":""},"uagb_featured_image_src":{"full":false,"thumbnail":false,"medium":false,"medium_large":false,"large":false,"1536x1536":false,"2048x2048":false},"uagb_author_info":{"display_name":"adminsites@uepa.br","author_link":"https:\/\/sic.uepa.br\/2024\/index.php\/author\/adminsitesuepa-br\/"},"uagb_comment_info":0,"uagb_excerpt":"O Semin\u00e1rio de Integra\u00e7\u00e3o Cient\u00edfica da Universidade do Estado do Par\u00e1 (SIC\/UEPA) chega \u00e0 sua 12\u00aa Edi\u00e7\u00e3o. Nesta oportunidade, aborda a tem\u00e1tica \u201cAMAZ\u00d4NIA EM FOCO: Ci\u00eancia, Soberania e Desenvolvimento Sustent\u00e1vel\u201d. Diante do ineditismo do an\u00fancio oficial de Bel\u00e9m do Par\u00e1 como sede da COP 30, em 2025, n\u00e3o apenas a agenda ambiental entrou na ordem&hellip;","_links":{"self":[{"href":"https:\/\/sic.uepa.br\/2024\/index.php\/wp-json\/wp\/v2\/pages\/285"}],"collection":[{"href":"https:\/\/sic.uepa.br\/2024\/index.php\/wp-json\/wp\/v2\/pages"}],"about":[{"href":"https:\/\/sic.uepa.br\/2024\/index.php\/wp-json\/wp\/v2\/types\/page"}],"author":[{"embeddable":true,"href":"https:\/\/sic.uepa.br\/2024\/index.php\/wp-json\/wp\/v2\/users\/1"}],"replies":[{"embeddable":true,"href":"https:\/\/sic.uepa.br\/2024\/index.php\/wp-json\/wp\/v2\/comments?post=285"}],"version-history":[{"count":9,"href":"https:\/\/sic.uepa.br\/2024\/index.php\/wp-json\/wp\/v2\/pages\/285\/revisions"}],"predecessor-version":[{"id":1709,"href":"https:\/\/sic.uepa.br\/2024\/index.php\/wp-json\/wp\/v2\/pages\/285\/revisions\/1709"}],"wp:attachment":[{"href":"https:\/\/sic.uepa.br\/2024\/index.php\/wp-json\/wp\/v2\/media?parent=285"}],"curies":[{"name":"wp","href":"https:\/\/api.w.org\/{rel}","templated":true}]}}