{"id":2113,"date":"2025-12-04T17:33:54","date_gmt":"2025-12-04T17:33:54","guid":{"rendered":"https:\/\/sic.uepa.br\/2025\/?page_id=2113"},"modified":"2026-04-06T17:04:26","modified_gmt":"2026-04-06T17:04:26","slug":"certificados","status":"publish","type":"page","link":"https:\/\/sic.uepa.br\/2025\/certificados\/","title":{"rendered":"Certificados"},"content":{"rendered":"\n<div class=\"wp-block-uagb-advanced-heading uagb-block-b6e79f27\"><h1 class=\"uagb-heading-text\">Certificados<\/h1><div class=\"uagb-separator\"><\/div><\/div>\n\n\n\n<div class=\"wp-block-uagb-buttons uagb-buttons__outer-wrap uagb-btn__default-btn uagb-btn-tablet__default-btn uagb-btn-mobile__default-btn uagb-block-80e5b7a3\"><div class=\"uagb-buttons__wrap uagb-buttons-layout-wrap\">\n<div class=\"wp-block-uagb-buttons-child uagb-buttons__outer-wrap uagb-block-b2b9cebc wp-block-button\"><div class=\"uagb-button__wrapper\"><a class=\"uagb-buttons-repeater wp-block-button__link\" href=\"https:\/\/sic.uepa.br\/2025\/wp-content\/uploads\/2026\/04\/Certificados-XIII-SIC-Ouvintes-2025.pdf\" onclick=\"return true;\" rel=\"follow noopener\" target=\"_self\"><div class=\"uagb-button__link\">Ouvintes<\/div><\/a><\/div><\/div>\n\n\n\n<div class=\"wp-block-uagb-buttons-child uagb-buttons__outer-wrap uagb-block-74755c5e wp-block-button\"><div class=\"uagb-button__wrapper\"><a class=\"uagb-buttons-repeater wp-block-button__link\" href=\"https:\/\/sic.uepa.br\/2025\/wp-content\/uploads\/2026\/04\/Certificados-Sessao-de-Apresentacao-2-1.pdf\" onclick=\"return true;\" rel=\"follow noopener\" target=\"_self\"><div class=\"uagb-button__link\">Sess\u00e3o de Apresenta\u00e7\u00e3o 2<\/div><\/a><\/div><\/div>\n\n\n\n<div class=\"wp-block-uagb-buttons-child uagb-buttons__outer-wrap uagb-block-6d84f5eb wp-block-button\"><div class=\"uagb-button__wrapper\"><a class=\"uagb-buttons-repeater wp-block-button__link\" href=\"https:\/\/sic.uepa.br\/2025\/wp-content\/uploads\/2026\/04\/Certificados-Comunicacao-Sessao-de-Apresentacao-3.pdf\" onclick=\"return true;\" rel=\"follow noopener\" target=\"_self\"><div class=\"uagb-button__link\">Sess\u00e3o de Apresenta\u00e7\u00e3o 3<\/div><\/a><\/div><\/div>\n\n\n\n<div class=\"wp-block-uagb-buttons-child uagb-buttons__outer-wrap uagb-block-65b47d75 wp-block-button\"><div class=\"uagb-button__wrapper\"><a class=\"uagb-buttons-repeater wp-block-button__link\" href=\"https:\/\/sic.uepa.br\/2025\/wp-content\/uploads\/2026\/04\/Certificados-XIII-SIC-Mesa-Redonda-1.pdf\" onclick=\"return true;\" rel=\"follow noopener\" target=\"_self\"><div class=\"uagb-button__link\">Mesa Redonda 1<\/div><\/a><\/div><\/div>\n\n\n\n<div class=\"wp-block-uagb-buttons-child uagb-buttons__outer-wrap uagb-block-3b970e33 wp-block-button\"><div class=\"uagb-button__wrapper\"><a class=\"uagb-buttons-repeater wp-block-button__link\" href=\"https:\/\/sic.uepa.br\/2025\/wp-content\/uploads\/2026\/04\/Certificados-Palestra-1.pdf\" onclick=\"return true;\" rel=\"follow noopener\" target=\"_self\"><div class=\"uagb-button__link\">Palestra 1 <\/div><\/a><\/div><\/div>\n\n\n\n<div class=\"wp-block-uagb-buttons-child uagb-buttons__outer-wrap uagb-block-f85d16a8 wp-block-button\"><div class=\"uagb-button__wrapper\"><a class=\"uagb-buttons-repeater wp-block-button__link\" href=\"https:\/\/sic.uepa.br\/2025\/wp-content\/uploads\/2026\/04\/Certificados-XIII-SIC-Mesa-Redonda-2-e-Palestra-2.pdf\" onclick=\"return true;\" rel=\"follow noopener\" target=\"_self\"><div class=\"uagb-button__link\">Mesa Redonda 2 e Palestra 2<\/div><\/a><\/div><\/div>\n<\/div><\/div>\n","protected":false},"excerpt":{"rendered":"<p>Certificados<\/p>\n","protected":false},"author":1,"featured_media":0,"parent":0,"menu_order":0,"comment_status":"closed","ping_status":"closed","template":"","meta":{"_uag_custom_page_level_css":"","site-sidebar-layout":"default","site-content-layout":"","ast-site-content-layout":"default","site-content-style":"default","site-sidebar-style":"default","ast-global-header-display":"","ast-banner-title-visibility":"","ast-main-header-display":"","ast-hfb-above-header-display":"","ast-hfb-below-header-display":"","ast-hfb-mobile-header-display":"","site-post-title":"disabled","ast-breadcrumbs-content":"","ast-featured-img":"","footer-sml-layout":"","theme-transparent-header-meta":"","adv-header-id-meta":"","stick-header-meta":"","header-above-stick-meta":"","header-main-stick-meta":"","header-below-stick-meta":"","astra-migrate-meta-layouts":"set","ast-page-background-enabled":"default","ast-page-background-meta":{"desktop":{"background-color":"var(--ast-global-color-4)","background-image":"","background-repeat":"repeat","background-position":"center center","background-size":"auto","background-attachment":"scroll","background-type":"","background-media":"","overlay-type":"","overlay-color":"","overlay-gradient":""},"tablet":{"background-color":"","background-image":"","background-repeat":"repeat","background-position":"center center","background-size":"auto","background-attachment":"scroll","background-type":"","background-media":"","overlay-type":"","overlay-color":"","overlay-gradient":""},"mobile":{"background-color":"","background-image":"","background-repeat":"repeat","background-position":"center center","background-size":"auto","background-attachment":"scroll","background-type":"","background-media":"","overlay-type":"","overlay-color":"","overlay-gradient":""}},"ast-content-background-meta":{"desktop":{"background-color":"var(--ast-global-color-5)","background-image":"","background-repeat":"repeat","background-position":"center center","background-size":"auto","background-attachment":"scroll","background-type":"","background-media":"","overlay-type":"","overlay-color":"","overlay-gradient":""},"tablet":{"background-color":"var(--ast-global-color-5)","background-image":"","background-repeat":"repeat","background-position":"center center","background-size":"auto","background-attachment":"scroll","background-type":"","background-media":"","overlay-type":"","overlay-color":"","overlay-gradient":""},"mobile":{"background-color":"var(--ast-global-color-5)","background-image":"","background-repeat":"repeat","background-position":"center center","background-size":"auto","background-attachment":"scroll","background-type":"","background-media":"","overlay-type":"","overlay-color":"","overlay-gradient":""}},"footnotes":""},"uagb_featured_image_src":{"full":false,"thumbnail":false,"medium":false,"medium_large":false,"large":false,"1536x1536":false,"2048x2048":false},"uagb_author_info":{"display_name":"adminsites@uepa.br","author_link":"https:\/\/sic.uepa.br\/2025\/author\/adminsitesuepa-br\/"},"uagb_comment_info":0,"uagb_excerpt":"Certificados","_links":{"self":[{"href":"https:\/\/sic.uepa.br\/2025\/wp-json\/wp\/v2\/pages\/2113"}],"collection":[{"href":"https:\/\/sic.uepa.br\/2025\/wp-json\/wp\/v2\/pages"}],"about":[{"href":"https:\/\/sic.uepa.br\/2025\/wp-json\/wp\/v2\/types\/page"}],"author":[{"embeddable":true,"href":"https:\/\/sic.uepa.br\/2025\/wp-json\/wp\/v2\/users\/1"}],"replies":[{"embeddable":true,"href":"https:\/\/sic.uepa.br\/2025\/wp-json\/wp\/v2\/comments?post=2113"}],"version-history":[{"count":16,"href":"https:\/\/sic.uepa.br\/2025\/wp-json\/wp\/v2\/pages\/2113\/revisions"}],"predecessor-version":[{"id":2141,"href":"https:\/\/sic.uepa.br\/2025\/wp-json\/wp\/v2\/pages\/2113\/revisions\/2141"}],"wp:attachment":[{"href":"https:\/\/sic.uepa.br\/2025\/wp-json\/wp\/v2\/media?parent=2113"}],"curies":[{"name":"wp","href":"https:\/\/api.w.org\/{rel}","templated":true}]}}