{"id":285,"date":"2022-01-19T13:50:57","date_gmt":"2022-01-19T13:50:57","guid":{"rendered":"https:\/\/paginas.uepa.br\/sic\/2022\/?page_id=285"},"modified":"2025-07-30T12:22:21","modified_gmt":"2025-07-30T12:22:21","slug":"apresentacao","status":"publish","type":"page","link":"https:\/\/sic.uepa.br\/2025\/apresentacao\/","title":{"rendered":"Apresenta\u00e7\u00e3o"},"content":{"rendered":"\n<div class=\"wp-block-uagb-container uagb-block-b971e21f alignfull uagb-is-root-container\"><div class=\"uagb-container-inner-blocks-wrap\">\n<div class=\"wp-block-uagb-advanced-heading uagb-block-7282f661\"><h1 class=\"uagb-heading-text\">Apresenta\u00e7\u00e3o<\/h1><div class=\"uagb-separator\"><\/div><\/div>\n\n\n\n<p>O Semin\u00e1rio de Integra\u00e7\u00e3o Cient\u00edfica (SIC) da Universidade do Estado do Par\u00e1 (UEPA) \u00e9 um evento anual promovido pela Pr\u00f3-Reitoria de Pesquisa e P\u00f3s-Gradua\u00e7\u00e3o (PROPESP), com o objetivo de integrar a comunidade acad\u00eamica por meio da divulga\u00e7\u00e3o e discuss\u00e3o de pesquisas desenvolvidas na institui\u00e7\u00e3o. Cada edi\u00e7\u00e3o aborda temas relevantes, refletindo os desafios e avan\u00e7os cient\u00edficos contempor\u00e2neos.<\/p>\n\n\n\n<p>Em reconhecimento \u00e0 import\u00e2ncia da COP 30, que ser\u00e1 sediada em Bel\u00e9m do Par\u00e1, o SIC, desde sua 12\u00aa edi\u00e7\u00e3o, tem refor\u00e7ado a centralidade da Amaz\u00f4nia no debate cient\u00edfico, com o tema: <em>\u201cAmaz\u00f4nia em Foco: Ci\u00eancia, Soberania e Desenvolvimento Sustent\u00e1vel\u201d<\/em>. Para 2025, o XIII SIC da UEPA dar\u00e1 continuidade a essa trajet\u00f3ria de reflex\u00e3o, promovendo o di\u00e1logo entre pesquisadores, estudantes e a comunidade acad\u00eamica em geral.<\/p>\n\n\n\n<p>Com o tema <em>\u201cCi\u00eancia e Inova\u00e7\u00e3o na Amaz\u00f4nia: Solu\u00e7\u00f5es Sustent\u00e1veis para Desafios Globais\u201d<\/em>, a programa\u00e7\u00e3o contar\u00e1 com palestras, mesas-redondas, apresenta\u00e7\u00f5es de pesquisas e a premia\u00e7\u00e3o Jovem Pesquisador, proporcionando um espa\u00e7o rico para a troca de conhecimentos e experi\u00eancias.<\/p>\n\n\n\n<p>A edi\u00e7\u00e3o de 2025 ser\u00e1 realizada nos dias 27 e 28 de agosto, integrando a agenda de eventos da iniciativa \u201cUEPA na COP 30\u201d. O evento reunir\u00e1 mais de 560 pesquisas, distribu\u00eddas nas \u00e1reas de Ci\u00eancias da Vida; Ci\u00eancias Exatas, da Terra e Engenharias; e Ci\u00eancias Humanas e Sociais, Letras e Artes, em formato h\u00edbrido (presencial e virtual).<\/p>\n\n\n\n<p>No site oficial do evento, a aba \u201cComunica\u00e7\u00f5es\u201d disponibilizar\u00e1 os v\u00eddeos das apresenta\u00e7\u00f5es gravadas previamente, enquanto a aba \u201cPrograma\u00e7\u00e3o\u201d fornecer\u00e1 os links para as transmiss\u00f5es ao vivo e retransmiss\u00f5es realizadas pelo canal oficial da UEPA no YouTube.<\/p>\n\n\n\n<div class=\"wp-block-uagb-container uagb-block-3c1642ce default uagb-is-root-container\">\n<div class=\"wp-block-uagb-advanced-heading uagb-block-361c6421\"><h1 class=\"uagb-heading-text\">Justificativa<\/h1><div class=\"uagb-separator\"><\/div><\/div>\n\n\n\n<p>Em 2025, o evento pretende retomar o formato presencial, assegurando que toda a comunidade acad\u00eamica da UEPA, distribu\u00edda por todo o estado do Par\u00e1, possa integrar-se, acompanhar e participar de cada momento do semin\u00e1rio. Essa proposta busca respeitar o alcance de p\u00fablico consolidado ao longo dos anos, fortalecendo, ainda mais, o processo de interioriza\u00e7\u00e3o que marca a trajet\u00f3ria da universidade.<\/p>\n\n\n\n<p>A inclus\u00e3o do SIC na agenda \u201cUEPA na COP 30\u201d decorre do reconhecimento da import\u00e2ncia do semin\u00e1rio como um marco no desenvolvimento cient\u00edfico da institui\u00e7\u00e3o, especialmente por promover a discuss\u00e3o de pesquisas realizadas na Amaz\u00f4nia paraense. Essa inser\u00e7\u00e3o tamb\u00e9m refor\u00e7a o papel de protagonismo da regi\u00e3o amaz\u00f4nica no cen\u00e1rio global, bem como o valor da produ\u00e7\u00e3o cient\u00edfica originada nesse territ\u00f3rio.<\/p>\n\n\n\n<p>Os temas das confer\u00eancias, palestras e mesas-redondas, assim como os resultados das pesquisas apresentadas, abordar\u00e3o a interrela\u00e7\u00e3o entre saberes, inova\u00e7\u00e3o e sustentabilidade na Amaz\u00f4nia. O objetivo \u00e9 fortalecer a comunica\u00e7\u00e3o cient\u00edfica e ampliar os espa\u00e7os de debate cient\u00edfico-tecnol\u00f3gico, contribuindo para a mitiga\u00e7\u00e3o de desafios globais por meio de solu\u00e7\u00f5es sustent\u00e1veis baseadas na ci\u00eancia e na inova\u00e7\u00e3o.<\/p>\n\n\n\n<p>O SIC \u00e9 uma iniciativa fundamental para fomentar a troca de conhecimentos, promover a integra\u00e7\u00e3o entre pesquisadores e estudantes, e divulgar os resultados das pesquisas realizadas na UEPA. O evento contribui significativamente para o fortalecimento da cultura cient\u00edfica, incentivando a inova\u00e7\u00e3o e a produ\u00e7\u00e3o acad\u00eamica de qualidade, ao mesmo tempo em que conecta a universidade \u00e0s demandas sociais e ambientais, especialmente no contexto amaz\u00f4nico.<\/p>\n<\/div>\n\n\n\n<div class=\"wp-block-uagb-advanced-heading uagb-block-7aee5b9e\"><p class=\"uagb-heading-text\">Prof. Dra. Luanna de Melo Pereira Fernandes<br><strong><strong>Pr\u00f3-Reitora de Pesquisa e P\u00f3s-Gradua\u00e7\u00e3o<\/strong><\/strong><br><br>Prof. Dra. Tatiane Bahia do Vale Silva<br><strong>Diretora de Desenvolvimento \u00e0 Pesquisa<\/strong><br><br>Prof. Dra. Luely Oliveira da Silva<br><strong>Diretora de Desenvolvimento \u00e0 P\u00f3s-Gradua\u00e7\u00e3o<\/strong><br><br>Prof. Dr. Eder Silva de Oliveira<br><strong>Diretor de Acompanhamento e Controle De Qualifica\u00e7\u00e3o<\/strong><br><br>Prof. Msc. Savio Almeida Fernandes<br><strong>Diretoria de Inova\u00e7\u00e3o, Transfer\u00eancia Tecnol\u00f3gica e Empreendedorismo<\/strong><\/p><\/div>\n<\/div><\/div>\n","protected":false},"excerpt":{"rendered":"<p>Apresenta\u00e7\u00e3o O Semin\u00e1rio de Integra\u00e7\u00e3o Cient\u00edfica (SIC) da Universidade do Estado do Par\u00e1 (UEPA) \u00e9 um evento anual promovido pela Pr\u00f3-Reitoria de Pesquisa e P\u00f3s-Gradua\u00e7\u00e3o (PROPESP), com o objetivo de integrar a comunidade acad\u00eamica por meio da divulga\u00e7\u00e3o e discuss\u00e3o de pesquisas desenvolvidas na institui\u00e7\u00e3o. Cada edi\u00e7\u00e3o aborda temas relevantes, refletindo os desafios e avan\u00e7os &hellip;<\/p>\n<p class=\"read-more\"> <a class=\"\" href=\"https:\/\/sic.uepa.br\/2025\/apresentacao\/\"> <span class=\"screen-reader-text\">Apresenta\u00e7\u00e3o<\/span> Leia mais &raquo;<\/a><\/p>\n","protected":false},"author":1,"featured_media":0,"parent":0,"menu_order":0,"comment_status":"closed","ping_status":"closed","template":"","meta":{"_uag_custom_page_level_css":"","site-sidebar-layout":"no-sidebar","site-content-layout":"","ast-site-content-layout":"default","site-content-style":"default","site-sidebar-style":"default","ast-global-header-display":"","ast-banner-title-visibility":"","ast-main-header-display":"enabled","ast-hfb-above-header-display":"","ast-hfb-below-header-display":"","ast-hfb-mobile-header-display":"","site-post-title":"disabled","ast-breadcrumbs-content":"","ast-featured-img":"","footer-sml-layout":"","theme-transparent-header-meta":"disabled","adv-header-id-meta":"","stick-header-meta":"","header-above-stick-meta":"","header-main-stick-meta":"","header-below-stick-meta":"","astra-migrate-meta-layouts":"set","ast-page-background-enabled":"default","ast-page-background-meta":{"desktop":{"background-color":"var(--ast-global-color-4)","background-image":"","background-repeat":"repeat","background-position":"center center","background-size":"auto","background-attachment":"scroll","background-type":"","background-media":"","overlay-type":"","overlay-color":"","overlay-gradient":""},"tablet":{"background-color":"","background-image":"","background-repeat":"repeat","background-position":"center center","background-size":"auto","background-attachment":"scroll","background-type":"","background-media":"","overlay-type":"","overlay-color":"","overlay-gradient":""},"mobile":{"background-color":"","background-image":"","background-repeat":"repeat","background-position":"center center","background-size":"auto","background-attachment":"scroll","background-type":"","background-media":"","overlay-type":"","overlay-color":"","overlay-gradient":""}},"ast-content-background-meta":{"desktop":{"background-color":"var(--ast-global-color-5)","background-image":"","background-repeat":"repeat","background-position":"center center","background-size":"auto","background-attachment":"scroll","background-type":"","background-media":"","overlay-type":"","overlay-color":"","overlay-gradient":""},"tablet":{"background-color":"var(--ast-global-color-5)","background-image":"","background-repeat":"repeat","background-position":"center center","background-size":"auto","background-attachment":"scroll","background-type":"","background-media":"","overlay-type":"","overlay-color":"","overlay-gradient":""},"mobile":{"background-color":"var(--ast-global-color-5)","background-image":"","background-repeat":"repeat","background-position":"center center","background-size":"auto","background-attachment":"scroll","background-type":"","background-media":"","overlay-type":"","overlay-color":"","overlay-gradient":""}},"footnotes":""},"uagb_featured_image_src":{"full":false,"thumbnail":false,"medium":false,"medium_large":false,"large":false,"1536x1536":false,"2048x2048":false},"uagb_author_info":{"display_name":"adminsites@uepa.br","author_link":"https:\/\/sic.uepa.br\/2025\/author\/adminsitesuepa-br\/"},"uagb_comment_info":0,"uagb_excerpt":"Apresenta\u00e7\u00e3o O Semin\u00e1rio de Integra\u00e7\u00e3o Cient\u00edfica (SIC) da Universidade do Estado do Par\u00e1 (UEPA) \u00e9 um evento anual promovido pela Pr\u00f3-Reitoria de Pesquisa e P\u00f3s-Gradua\u00e7\u00e3o (PROPESP), com o objetivo de integrar a comunidade acad\u00eamica por meio da divulga\u00e7\u00e3o e discuss\u00e3o de pesquisas desenvolvidas na institui\u00e7\u00e3o. Cada edi\u00e7\u00e3o aborda temas relevantes, refletindo os desafios e avan\u00e7os&hellip;","_links":{"self":[{"href":"https:\/\/sic.uepa.br\/2025\/wp-json\/wp\/v2\/pages\/285"}],"collection":[{"href":"https:\/\/sic.uepa.br\/2025\/wp-json\/wp\/v2\/pages"}],"about":[{"href":"https:\/\/sic.uepa.br\/2025\/wp-json\/wp\/v2\/types\/page"}],"author":[{"embeddable":true,"href":"https:\/\/sic.uepa.br\/2025\/wp-json\/wp\/v2\/users\/1"}],"replies":[{"embeddable":true,"href":"https:\/\/sic.uepa.br\/2025\/wp-json\/wp\/v2\/comments?post=285"}],"version-history":[{"count":10,"href":"https:\/\/sic.uepa.br\/2025\/wp-json\/wp\/v2\/pages\/285\/revisions"}],"predecessor-version":[{"id":1942,"href":"https:\/\/sic.uepa.br\/2025\/wp-json\/wp\/v2\/pages\/285\/revisions\/1942"}],"wp:attachment":[{"href":"https:\/\/sic.uepa.br\/2025\/wp-json\/wp\/v2\/media?parent=285"}],"curies":[{"name":"wp","href":"https:\/\/api.w.org\/{rel}","templated":true}]}}