{"id":287,"date":"2022-01-19T13:51:32","date_gmt":"2022-01-19T13:51:32","guid":{"rendered":"https:\/\/paginas.uepa.br\/sic\/2022\/?page_id=287"},"modified":"2025-07-30T14:05:31","modified_gmt":"2025-07-30T14:05:31","slug":"comite-cientifico-interno","status":"publish","type":"page","link":"https:\/\/sic.uepa.br\/2025\/comite-cientifico-interno\/","title":{"rendered":"Comit\u00ea Cient\u00edfico Interno"},"content":{"rendered":"\n<div class=\"wp-block-uagb-container uagb-block-2dc30326 alignfull uagb-is-root-container\"><div class=\"uagb-container-inner-blocks-wrap\">\n<div class=\"wp-block-uagb-advanced-heading uagb-block-b6e79f27\"><h1 class=\"uagb-heading-text\">Comit\u00ea Cient\u00edfico Interno<\/h1><div class=\"uagb-separator\"><\/div><\/div>\n\n\n\n<div class=\"wp-block-uagb-container uagb-block-fa8346ad\">\n<div class=\"wp-block-uagb-advanced-heading uagb-block-f9ed2b5f\"><h5 class=\"uagb-heading-text\"><strong>CENTRO DE CI\u00caNCIAS SOCIAIS E EDUCA\u00c7\u00c3O<\/strong><\/h5><\/div>\n\n\n\n<p class=\"has-text-align-center\">Adelmar Barros Pereira<br>Alcione Santos De Souza<br>Aldeniza De Oliveira Ximenes<br>Ant\u00f4nia Zelina Negr\u00e3o De Oliveira<br>Bruna Fernanda Soares De Lima Padovani<br>Cl\u00e1udia Silva Lima<br>Daiane Gasparetto Da Silva<br>Eliana Ruth Silva Sousa<br>Elis\u00e2ngela Cl\u00e1udia De M. Moreira<br>Fabiano De Oliveira Bringel<br>Geraldo Bruno Costa De Andrade<br>Gisele Da Costa Ramos<br>Jane Glaiby Silva Bastos<br>Janete Benjamin<br>Jessica Herzog Viana<br>Johan Carlos Costa Santiago<br>L\u00edgia Amaral Filgueiras<br>Lucian Jos\u00e9 De Souza Costa E Costa<br>Lucilei Martins De Oliveira<br>Mara S\u00edlvia Juc\u00e1 Ac\u00e1cio<br>Marcelo Luiz Bezerra Da Silva<br>Maria C\u00e9lia Barros Virgulino<br>Maria Francisca Ribeiro Correa<br>Michel De Melo Lima<br>Penn Lee Menezes Rodrigues<br>Rafael Silva Patr\u00edcio<br>Reginaldo De Oliveira Corr\u00eaa J\u00fanior<br>Rodrigo Rafael Souza De Oliveira<br>Samuel Pereira Campos<br>Sandra Do Socorro De Miranda Neves<br>Tain\u00e1 Maria Magalh\u00e3es Fa\u00e7anha<br>Val\u00e9ria Cristian Soares Ramos Da Silva<\/p>\n<\/div>\n\n\n\n<div class=\"wp-block-uagb-container uagb-block-ddd1e52d\">\n<div class=\"wp-block-uagb-advanced-heading uagb-block-61599198\"><h5 class=\"uagb-heading-text\"><strong><strong>CENTRO DE CI\u00caNCIAS BIOL\u00d3GICAS E DA SA\u00daDE<\/strong><\/strong><\/h5><\/div>\n\n\n\n<p class=\"has-text-align-center\">Adnelson Ara\u00fajo Dos Santos<br>Alba L\u00facia Ribeiro Raithy Pereira<br>Alder Mour\u00e3o De Sousa<br>Alu\u00edsio Frreira Celestino J\u00fanior<br>Amanda Da Costa Silveira Sabb\u00e1<br>Andrezza Ozela De Vilhena<br>Ant\u00f4nio Rafael Quadros Gomes<br>Carla Andr\u00e9a Avelar Pires<br>Carlos Cristiano Expedito Guzzo J\u00fanior<br>Carmen Lilia Da Cunha Faro<br>David Jos\u00e9 Oliveira Tozetto<br>Diego Di Felipe Avila Alcantara<br>Elson Ferreira Da Costa<br>Fernando De Souza Flexa Ribeiro Filho<br>Francisca Regina Oliveira Carneiro<br>Gileno Edu Lameira De Melo<br>Leila Mau\u00e9s Oliveira Hanna<br>Lucivaldo Da Silva Ara\u00fajo<br>Maria De F\u00e1tima Pinheiro Carrera<br>Mariana De Sousa Ribeiro Carvalho<br>Mary Elizabeth De Santana<br>Michelle Castro Da Silva Holanda<br>Odilon Salim Costa Abrahim<br>Patricia Do Socorro Chaves De Ara\u00fajo<br>Rafael Luiz Morais Da Silva<br>Rita De C\u00e1ssia Silva De Oliveira<br>Sheyla Mara Silva De Oliveira<br>Simone Aguiar Da Silva Figueira<br>Tatiane Costa Quaresma<br>Tayane Moura Martins<br>Tereza Cristina Dos Reis Ferreira<br>Thayse Moraes De Moraes<br>Valeria Marques Ferreira Normando<\/p>\n<\/div>\n\n\n\n<div class=\"wp-block-uagb-container uagb-block-2adf2b05\">\n<div class=\"wp-block-uagb-advanced-heading uagb-block-ac76624b\"><h5 class=\"uagb-heading-text\"><strong><strong>CENTRO DE CI\u00caNCIA NATURAIS E TECNOLOGIA<\/strong><\/strong><\/h5><\/div>\n\n\n\n<p class=\"has-text-align-center\">Ailson Renan Santos Pican\u00e7o<br>Ana Karina Moreyra<br>Ant\u00f4nio Erlindo Braga Junior<br>Eder Silva De Oliveira<br>Igor De Jesus Lobato Pompeu Gamaranno<br>Luiz Fernandes Silva Dion\u00edsio<br>Maricelly Janette Uria Toro<br>Marta De Oliveira Barreiros<br>N\u00e1th\u00e1lia Juc\u00e1 Monteiro<br>N\u00fabia Suely Silva Santos<br>Raphael Lobato Prado Neves<br>Renata Melo E Silva De Oliveira<br>Samantha Nahon Bittencourt<br>Vanderson Vasconcelos Dantas<br>Wanderson Alexandre Da Silva Quinto<br>Yvelyne Bianca Iunes Santos<\/p>\n<\/div>\n<\/div><\/div>\n","protected":false},"excerpt":{"rendered":"<p>Comit\u00ea Cient\u00edfico Interno CENTRO DE CI\u00caNCIAS SOCIAIS E EDUCA\u00c7\u00c3O Adelmar Barros PereiraAlcione Santos De SouzaAldeniza De Oliveira XimenesAnt\u00f4nia Zelina Negr\u00e3o De OliveiraBruna Fernanda Soares De Lima PadovaniCl\u00e1udia Silva LimaDaiane Gasparetto Da SilvaEliana Ruth Silva SousaElis\u00e2ngela Cl\u00e1udia De M. MoreiraFabiano De Oliveira BringelGeraldo Bruno Costa De AndradeGisele Da Costa RamosJane Glaiby Silva BastosJanete BenjaminJessica Herzog VianaJohan &hellip;<\/p>\n<p class=\"read-more\"> <a class=\"\" href=\"https:\/\/sic.uepa.br\/2025\/comite-cientifico-interno\/\"> <span class=\"screen-reader-text\">Comit\u00ea Cient\u00edfico Interno<\/span> Leia mais &raquo;<\/a><\/p>\n","protected":false},"author":1,"featured_media":0,"parent":0,"menu_order":0,"comment_status":"closed","ping_status":"closed","template":"","meta":{"_uag_custom_page_level_css":"","site-sidebar-layout":"no-sidebar","site-content-layout":"","ast-site-content-layout":"default","site-content-style":"default","site-sidebar-style":"default","ast-global-header-display":"","ast-banner-title-visibility":"","ast-main-header-display":"enabled","ast-hfb-above-header-display":"","ast-hfb-below-header-display":"","ast-hfb-mobile-header-display":"","site-post-title":"disabled","ast-breadcrumbs-content":"disabled","ast-featured-img":"disabled","footer-sml-layout":"","theme-transparent-header-meta":"disabled","adv-header-id-meta":"","stick-header-meta":"","header-above-stick-meta":"","header-main-stick-meta":"","header-below-stick-meta":"","astra-migrate-meta-layouts":"set","ast-page-background-enabled":"default","ast-page-background-meta":{"desktop":{"background-color":"var(--ast-global-color-4)","background-image":"","background-repeat":"repeat","background-position":"center center","background-size":"auto","background-attachment":"scroll","background-type":"","background-media":"","overlay-type":"","overlay-color":"","overlay-gradient":""},"tablet":{"background-color":"","background-image":"","background-repeat":"repeat","background-position":"center center","background-size":"auto","background-attachment":"scroll","background-type":"","background-media":"","overlay-type":"","overlay-color":"","overlay-gradient":""},"mobile":{"background-color":"","background-image":"","background-repeat":"repeat","background-position":"center center","background-size":"auto","background-attachment":"scroll","background-type":"","background-media":"","overlay-type":"","overlay-color":"","overlay-gradient":""}},"ast-content-background-meta":{"desktop":{"background-color":"var(--ast-global-color-5)","background-image":"","background-repeat":"repeat","background-position":"center center","background-size":"auto","background-attachment":"scroll","background-type":"","background-media":"","overlay-type":"","overlay-color":"","overlay-gradient":""},"tablet":{"background-color":"var(--ast-global-color-5)","background-image":"","background-repeat":"repeat","background-position":"center center","background-size":"auto","background-attachment":"scroll","background-type":"","background-media":"","overlay-type":"","overlay-color":"","overlay-gradient":""},"mobile":{"background-color":"var(--ast-global-color-5)","background-image":"","background-repeat":"repeat","background-position":"center center","background-size":"auto","background-attachment":"scroll","background-type":"","background-media":"","overlay-type":"","overlay-color":"","overlay-gradient":""}},"footnotes":""},"uagb_featured_image_src":{"full":false,"thumbnail":false,"medium":false,"medium_large":false,"large":false,"1536x1536":false,"2048x2048":false},"uagb_author_info":{"display_name":"adminsites@uepa.br","author_link":"https:\/\/sic.uepa.br\/2025\/author\/adminsitesuepa-br\/"},"uagb_comment_info":0,"uagb_excerpt":"Comit\u00ea Cient\u00edfico Interno CENTRO DE CI\u00caNCIAS SOCIAIS E EDUCA\u00c7\u00c3O Adelmar Barros PereiraAlcione Santos De SouzaAldeniza De Oliveira XimenesAnt\u00f4nia Zelina Negr\u00e3o De OliveiraBruna Fernanda Soares De Lima PadovaniCl\u00e1udia Silva LimaDaiane Gasparetto Da SilvaEliana Ruth Silva SousaElis\u00e2ngela Cl\u00e1udia De M. MoreiraFabiano De Oliveira BringelGeraldo Bruno Costa De AndradeGisele Da Costa RamosJane Glaiby Silva BastosJanete BenjaminJessica Herzog VianaJohan&hellip;","_links":{"self":[{"href":"https:\/\/sic.uepa.br\/2025\/wp-json\/wp\/v2\/pages\/287"}],"collection":[{"href":"https:\/\/sic.uepa.br\/2025\/wp-json\/wp\/v2\/pages"}],"about":[{"href":"https:\/\/sic.uepa.br\/2025\/wp-json\/wp\/v2\/types\/page"}],"author":[{"embeddable":true,"href":"https:\/\/sic.uepa.br\/2025\/wp-json\/wp\/v2\/users\/1"}],"replies":[{"embeddable":true,"href":"https:\/\/sic.uepa.br\/2025\/wp-json\/wp\/v2\/comments?post=287"}],"version-history":[{"count":16,"href":"https:\/\/sic.uepa.br\/2025\/wp-json\/wp\/v2\/pages\/287\/revisions"}],"predecessor-version":[{"id":1946,"href":"https:\/\/sic.uepa.br\/2025\/wp-json\/wp\/v2\/pages\/287\/revisions\/1946"}],"wp:attachment":[{"href":"https:\/\/sic.uepa.br\/2025\/wp-json\/wp\/v2\/media?parent=287"}],"curies":[{"name":"wp","href":"https:\/\/api.w.org\/{rel}","templated":true}]}}