{"id":290,"date":"2022-01-19T13:52:00","date_gmt":"2022-01-19T16:52:00","guid":{"rendered":"https:\/\/paginas.uepa.br\/sic\/2022\/?page_id=290"},"modified":"2025-07-30T14:14:54","modified_gmt":"2025-07-30T14:14:54","slug":"comissao-organizadora","status":"publish","type":"page","link":"https:\/\/sic.uepa.br\/2025\/comissao-organizadora\/","title":{"rendered":"Comiss\u00e3o Organizadora"},"content":{"rendered":"\n<div class=\"wp-block-group is-layout-constrained wp-block-group-is-layout-constrained\">\n<p><\/p>\n<\/div>\n\n\n\n<div class=\"wp-block-group is-layout-constrained wp-block-group-is-layout-constrained\">\n<p><\/p>\n<\/div>\n\n\n\n<div class=\"wp-block-group is-layout-constrained wp-block-group-is-layout-constrained\">\n<p><\/p>\n<\/div>\n\n\n\n<div class=\"wp-block-uagb-advanced-heading uagb-block-b6e79f27\"><h1 class=\"uagb-heading-text\">Comiss\u00e3o Organizadora<\/h1><div class=\"uagb-separator\"><\/div><\/div>\n\n\n\n<p class=\"has-text-align-center\"><strong>Pr\u00f3-Reitoria de Pesquisa e P\u00f3s-Gradua\u00e7\u00e3o<\/strong><\/p>\n\n\n\n<p class=\"has-text-align-center\"><em><strong>Pr\u00f3-Reitora de Pesquisa e P\u00f3s-Gradua\u00e7\u00e3o<\/strong><\/em><br>Profa. Dra. Luanna de Melo Pereira Fernandes<\/p>\n\n\n\n<p class=\"has-text-align-center\"><em><strong>Diretora de Desenvolvimento \u00e0 Pesquisa<\/strong><\/em><br>Profa. Dra. Tatiane Bahia do Vale Silva<\/p>\n\n\n\n<p class=\"has-text-align-center\"><em><strong>Diretora de Desenvolvimento \u00e0 P\u00f3s-gradua\u00e7\u00e3o<\/strong><\/em><br>Profa. Dra. Luely Oliveira da Silva<\/p>\n\n\n\n<p class=\"has-text-align-center\"><strong><em>Diretoria de <\/em>Acompanhamento e Controle de Qualifica\u00e7\u00e3o<\/strong><br>Prof. Dr. Eder Silva de Oliveira<\/p>\n\n\n\n<p class=\"has-text-align-center\"><strong><em>Diretoria de <\/em>Inova\u00e7\u00e3o, Transfer\u00eancia Tecnol\u00f3gica e Empreendedorismo<\/strong><br>Prof. Msc. Savio Almeida Fernandes<\/p>\n\n\n\n<p class=\"has-text-align-center\"><strong><em>Equipe T\u00e9cnico e Administrativ<\/em>a<\/strong><br>\u00c9dina Gon\u00e7alves Ferreira Alves<br>Elane Falc\u00e3o Costa<br>Gessiana Lisboa Monteiro<br>Helen Karla Ribeiro Raiol<br>Katharina Lemos De Souza Briano<br>Keison Siqueira De Le\u00e3o<br>Kleber Andres Lopes Freire D\u2019Abreu<br>L\u00eddia Maria Begot Bento Cardoso<br>Luciana Coelho Do Nascimento<br>Selma Prazeres Nunes Da Fonseca<br>Selma Socorro Juc\u00e1 Dos Santos<br>Sergio Castro Gomes<\/p>\n\n\n\n<p class=\"has-text-align-center\"><strong>Estagi\u00e1rios<\/strong><br>Isabelly Vitoria De Almeida Farias<br>Leonardo Amadeu Brito Santos<\/p>\n\n\n\n<p class=\"has-text-align-center\"><strong>Assessoria de Comunica\u00e7\u00e3o<\/strong><\/p>\n\n\n\n<p class=\"has-text-align-center\"><em><strong>Assessora de Comunica\u00e7\u00e3o<\/strong><\/em><br>Mar\u00edlia Jardim de Figueiredo<br><strong>Design Gr\u00e1fico<\/strong><br>Juliana Padilha<br>Loan Bastos<\/p>\n\n\n\n<p class=\"has-text-align-center\"><strong>Diretoria de Servi\u00e7os de Processamento de Dados<\/strong><\/p>\n\n\n\n<p class=\"has-text-align-center\"><em><strong>Diretor de Servi\u00e7os de Processamento de Dados<\/strong><\/em><br>Thiago Nicolau Magalh\u00e3es de Souza Conte<br><em><strong>Equipe de Desenvolvimento<\/strong><\/em><br>Airton Lima Marinho<br>Diego Gabriel Pessoa Amorim<br>Eduardo Forte Nascimento<br>Pedro Arthur da Silva Motta<br>Pedro Henrique Carneiro Silva<\/p>\n\n\n\n<div class=\"wp-block-group is-layout-constrained wp-block-group-is-layout-constrained\">\n<p><\/p>\n<\/div>\n","protected":false},"excerpt":{"rendered":"<p>Comiss\u00e3o Organizadora Pr\u00f3-Reitoria de Pesquisa e P\u00f3s-Gradua\u00e7\u00e3o Pr\u00f3-Reitora de Pesquisa e P\u00f3s-Gradua\u00e7\u00e3oProfa. Dra. Luanna de Melo Pereira Fernandes Diretora de Desenvolvimento \u00e0 PesquisaProfa. Dra. Tatiane Bahia do Vale Silva Diretora de Desenvolvimento \u00e0 P\u00f3s-gradua\u00e7\u00e3oProfa. Dra. Luely Oliveira da Silva Diretoria de Acompanhamento e Controle de Qualifica\u00e7\u00e3oProf. Dr. Eder Silva de Oliveira Diretoria de Inova\u00e7\u00e3o, Transfer\u00eancia &hellip;<\/p>\n<p class=\"read-more\"> <a class=\"\" href=\"https:\/\/sic.uepa.br\/2025\/comissao-organizadora\/\"> <span class=\"screen-reader-text\">Comiss\u00e3o Organizadora<\/span> Leia mais &raquo;<\/a><\/p>\n","protected":false},"author":1,"featured_media":0,"parent":0,"menu_order":0,"comment_status":"closed","ping_status":"closed","template":"","meta":{"_uag_custom_page_level_css":"","site-sidebar-layout":"no-sidebar","site-content-layout":"","ast-site-content-layout":"default","site-content-style":"default","site-sidebar-style":"default","ast-global-header-display":"","ast-banner-title-visibility":"","ast-main-header-display":"disabled","ast-hfb-above-header-display":"","ast-hfb-below-header-display":"","ast-hfb-mobile-header-display":"","site-post-title":"disabled","ast-breadcrumbs-content":"disabled","ast-featured-img":"disabled","footer-sml-layout":"enabled","theme-transparent-header-meta":"enabled","adv-header-id-meta":"","stick-header-meta":"","header-above-stick-meta":"","header-main-stick-meta":"","header-below-stick-meta":"","astra-migrate-meta-layouts":"set","ast-page-background-enabled":"default","ast-page-background-meta":{"desktop":{"background-color":"var(--ast-global-color-4)","background-image":"","background-repeat":"repeat","background-position":"center center","background-size":"auto","background-attachment":"scroll","background-type":"","background-media":"","overlay-type":"","overlay-color":"","overlay-gradient":""},"tablet":{"background-color":"","background-image":"","background-repeat":"repeat","background-position":"center center","background-size":"auto","background-attachment":"scroll","background-type":"","background-media":"","overlay-type":"","overlay-color":"","overlay-gradient":""},"mobile":{"background-color":"","background-image":"","background-repeat":"repeat","background-position":"center center","background-size":"auto","background-attachment":"scroll","background-type":"","background-media":"","overlay-type":"","overlay-color":"","overlay-gradient":""}},"ast-content-background-meta":{"desktop":{"background-color":"var(--ast-global-color-5)","background-image":"","background-repeat":"repeat","background-position":"center center","background-size":"auto","background-attachment":"scroll","background-type":"","background-media":"","overlay-type":"","overlay-color":"","overlay-gradient":""},"tablet":{"background-color":"var(--ast-global-color-5)","background-image":"","background-repeat":"repeat","background-position":"center center","background-size":"auto","background-attachment":"scroll","background-type":"","background-media":"","overlay-type":"","overlay-color":"","overlay-gradient":""},"mobile":{"background-color":"var(--ast-global-color-5)","background-image":"","background-repeat":"repeat","background-position":"center center","background-size":"auto","background-attachment":"scroll","background-type":"","background-media":"","overlay-type":"","overlay-color":"","overlay-gradient":""}},"footnotes":""},"uagb_featured_image_src":{"full":false,"thumbnail":false,"medium":false,"medium_large":false,"large":false,"1536x1536":false,"2048x2048":false},"uagb_author_info":{"display_name":"adminsites@uepa.br","author_link":"https:\/\/sic.uepa.br\/2025\/author\/adminsitesuepa-br\/"},"uagb_comment_info":0,"uagb_excerpt":"Comiss\u00e3o Organizadora Pr\u00f3-Reitoria de Pesquisa e P\u00f3s-Gradua\u00e7\u00e3o Pr\u00f3-Reitora de Pesquisa e P\u00f3s-Gradua\u00e7\u00e3oProfa. Dra. Luanna de Melo Pereira Fernandes Diretora de Desenvolvimento \u00e0 PesquisaProfa. Dra. Tatiane Bahia do Vale Silva Diretora de Desenvolvimento \u00e0 P\u00f3s-gradua\u00e7\u00e3oProfa. Dra. Luely Oliveira da Silva Diretoria de Acompanhamento e Controle de Qualifica\u00e7\u00e3oProf. Dr. Eder Silva de Oliveira Diretoria de Inova\u00e7\u00e3o, Transfer\u00eancia&hellip;","_links":{"self":[{"href":"https:\/\/sic.uepa.br\/2025\/wp-json\/wp\/v2\/pages\/290"}],"collection":[{"href":"https:\/\/sic.uepa.br\/2025\/wp-json\/wp\/v2\/pages"}],"about":[{"href":"https:\/\/sic.uepa.br\/2025\/wp-json\/wp\/v2\/types\/page"}],"author":[{"embeddable":true,"href":"https:\/\/sic.uepa.br\/2025\/wp-json\/wp\/v2\/users\/1"}],"replies":[{"embeddable":true,"href":"https:\/\/sic.uepa.br\/2025\/wp-json\/wp\/v2\/comments?post=290"}],"version-history":[{"count":29,"href":"https:\/\/sic.uepa.br\/2025\/wp-json\/wp\/v2\/pages\/290\/revisions"}],"predecessor-version":[{"id":1952,"href":"https:\/\/sic.uepa.br\/2025\/wp-json\/wp\/v2\/pages\/290\/revisions\/1952"}],"wp:attachment":[{"href":"https:\/\/sic.uepa.br\/2025\/wp-json\/wp\/v2\/media?parent=290"}],"curies":[{"name":"wp","href":"https:\/\/api.w.org\/{rel}","templated":true}]}}