{"id":621,"date":"2022-01-24T11:26:20","date_gmt":"2022-01-24T11:26:20","guid":{"rendered":"https:\/\/paginas.uepa.br\/sic\/2022\/?page_id=621"},"modified":"2025-08-20T19:43:02","modified_gmt":"2025-08-20T19:43:02","slug":"pos-graduacao","status":"publish","type":"page","link":"https:\/\/sic.uepa.br\/2025\/comunicacoes\/pos-graduacao\/","title":{"rendered":"P\u00f3s-Gradua\u00e7\u00e3o"},"content":{"rendered":"\n<div class=\"wp-block-uagb-container uagb-block-1f4860c2 default uagb-is-root-container\">\n<div class=\"wp-block-uagb-container uagb-block-641afd45 alignfull uagb-is-root-container\"><div class=\"uagb-container-inner-blocks-wrap\">\n<div class=\"wp-block-uagb-advanced-heading uagb-block-013f778c\"><h2 class=\"uagb-heading-text\">P\u00f3s-Gradua\u00e7\u00e3o<\/h2><\/div>\n<\/div><\/div>\n<\/div>\n\n\n\n<div class=\"wp-block-uagb-container uagb-block-eb35aff7 default uagb-is-root-container\">\n<div class=\"wp-block-uagb-container uagb-block-7d912d5c alignfull uagb-is-root-container\"><div class=\"uagb-container-inner-blocks-wrap\"><\/div><\/div>\n\n\n\n<div id=\"apresentacao\" class=\"wp-block-uagb-container uagb-block-f74ab39f alignfull uagb-is-root-container\"><div class=\"uagb-container-inner-blocks-wrap\">\n<div class=\"wp-block-uagb-advanced-heading uagb-block-bf1490b7\"><h3 class=\"uagb-heading-text\">T\u00edtulo<\/h3><\/div>\n\n\n\n<div class=\"wp-block-uagb-icon-list uagb-block-0bb24ebe\"><div class=\"uagb-icon-list__wrap\">\n<div class=\"wp-block-uagb-icon-list-child uagb-block-b480512a\"><span class=\"uagb-icon-list__source-wrap\"><svg xmlns=\"https:\/\/www.w3.org\/2000\/svg\" viewBox=\"0 0 448 512\"><path d=\"M224 256c70.7 0 128-57.31 128-128s-57.3-128-128-128C153.3 0 96 57.31 96 128S153.3 256 224 256zM274.7 304H173.3C77.61 304 0 381.6 0 477.3c0 19.14 15.52 34.67 34.66 34.67h378.7C432.5 512 448 496.5 448 477.3C448 381.6 370.4 304 274.7 304z\"><\/path><\/svg><\/span><span class=\"uagb-icon-list__label\">Aluno<\/span><\/div>\n\n\n\n<div class=\"wp-block-uagb-icon-list-child uagb-block-6f063a52\"><span class=\"uagb-icon-list__source-wrap\"><svg xmlns=\"https:\/\/www.w3.org\/2000\/svg\" viewBox=\"0 0 640 512\"><path d=\"M592 0h-384C181.5 0 160 22.25 160 49.63V96c23.42 0 45.1 6.781 63.1 17.81V64h352v288h-64V304c0-8.838-7.164-16-16-16h-96c-8.836 0-16 7.162-16 16V352H287.3c22.07 16.48 39.54 38.5 50.76 64h253.9C618.5 416 640 393.8 640 366.4V49.63C640 22.25 618.5 0 592 0zM160 320c53.02 0 96-42.98 96-96c0-53.02-42.98-96-96-96C106.1 128 64 170.1 64 224C64 277 106.1 320 160 320zM192 352H128c-70.69 0-128 57.31-128 128c0 17.67 14.33 32 32 32h256c17.67 0 32-14.33 32-32C320 409.3 262.7 352 192 352z\"><\/path><\/svg><\/span><span class=\"uagb-icon-list__label\">Orientador: <\/span><\/div>\n<\/div><\/div>\n\n\n\n<div class=\"wp-block-uagb-buttons uagb-buttons__outer-wrap uagb-btn__default-btn uagb-btn-tablet__default-btn uagb-btn-mobile__default-btn uagb-block-e504d408\"><div class=\"uagb-buttons__wrap uagb-buttons-layout-wrap\">\n<div class=\"wp-block-uagb-buttons-child uagb-buttons__outer-wrap uagb-block-6d8355be wp-block-button\"><div class=\"uagb-button__wrapper\"><a class=\"uagb-buttons-repeater wp-block-button__link\" href=\"https:\/\/drive.google.com\/file\/d\/1KesarLs-lWUqlQDRwOnxRuxwmHnV3_7W\/view?usp=share_link\" onclick=\"return true;\" rel=\"follow noopener\" target=\"_blank\"><div class=\"uagb-button__link\">Apresenta\u00e7\u00e3o<\/div><\/a><\/div><\/div>\n<\/div><\/div>\n<\/div><\/div>\n<\/div>\n","protected":false},"excerpt":{"rendered":"<p>P\u00f3s-Gradua\u00e7\u00e3o T\u00edtulo<\/p>\n","protected":false},"author":1,"featured_media":0,"parent":265,"menu_order":0,"comment_status":"closed","ping_status":"closed","template":"","meta":{"_uag_custom_page_level_css":"","site-sidebar-layout":"no-sidebar","site-content-layout":"","ast-site-content-layout":"default","site-content-style":"default","site-sidebar-style":"default","ast-global-header-display":"","ast-banner-title-visibility":"","ast-main-header-display":"enabled","ast-hfb-above-header-display":"","ast-hfb-below-header-display":"","ast-hfb-mobile-header-display":"","site-post-title":"disabled","ast-breadcrumbs-content":"disabled","ast-featured-img":"disabled","footer-sml-layout":"enabled","theme-transparent-header-meta":"disabled","adv-header-id-meta":"","stick-header-meta":"","header-above-stick-meta":"","header-main-stick-meta":"","header-below-stick-meta":"","astra-migrate-meta-layouts":"set","ast-page-background-enabled":"default","ast-page-background-meta":{"desktop":{"background-color":"var(--ast-global-color-4)","background-image":"","background-repeat":"repeat","background-position":"center center","background-size":"auto","background-attachment":"scroll","background-type":"","background-media":"","overlay-type":"","overlay-color":"","overlay-gradient":""},"tablet":{"background-color":"","background-image":"","background-repeat":"repeat","background-position":"center center","background-size":"auto","background-attachment":"scroll","background-type":"","background-media":"","overlay-type":"","overlay-color":"","overlay-gradient":""},"mobile":{"background-color":"","background-image":"","background-repeat":"repeat","background-position":"center center","background-size":"auto","background-attachment":"scroll","background-type":"","background-media":"","overlay-type":"","overlay-color":"","overlay-gradient":""}},"ast-content-background-meta":{"desktop":{"background-color":"var(--ast-global-color-5)","background-image":"","background-repeat":"repeat","background-position":"center center","background-size":"auto","background-attachment":"scroll","background-type":"","background-media":"","overlay-type":"","overlay-color":"","overlay-gradient":""},"tablet":{"background-color":"var(--ast-global-color-5)","background-image":"","background-repeat":"repeat","background-position":"center center","background-size":"auto","background-attachment":"scroll","background-type":"","background-media":"","overlay-type":"","overlay-color":"","overlay-gradient":""},"mobile":{"background-color":"var(--ast-global-color-5)","background-image":"","background-repeat":"repeat","background-position":"center center","background-size":"auto","background-attachment":"scroll","background-type":"","background-media":"","overlay-type":"","overlay-color":"","overlay-gradient":""}},"footnotes":""},"uagb_featured_image_src":{"full":false,"thumbnail":false,"medium":false,"medium_large":false,"large":false,"1536x1536":false,"2048x2048":false},"uagb_author_info":{"display_name":"adminsites@uepa.br","author_link":"https:\/\/sic.uepa.br\/2025\/author\/adminsitesuepa-br\/"},"uagb_comment_info":0,"uagb_excerpt":"P\u00f3s-Gradua\u00e7\u00e3o T\u00edtulo","_links":{"self":[{"href":"https:\/\/sic.uepa.br\/2025\/wp-json\/wp\/v2\/pages\/621"}],"collection":[{"href":"https:\/\/sic.uepa.br\/2025\/wp-json\/wp\/v2\/pages"}],"about":[{"href":"https:\/\/sic.uepa.br\/2025\/wp-json\/wp\/v2\/types\/page"}],"author":[{"embeddable":true,"href":"https:\/\/sic.uepa.br\/2025\/wp-json\/wp\/v2\/users\/1"}],"replies":[{"embeddable":true,"href":"https:\/\/sic.uepa.br\/2025\/wp-json\/wp\/v2\/comments?post=621"}],"version-history":[{"count":7,"href":"https:\/\/sic.uepa.br\/2025\/wp-json\/wp\/v2\/pages\/621\/revisions"}],"predecessor-version":[{"id":2007,"href":"https:\/\/sic.uepa.br\/2025\/wp-json\/wp\/v2\/pages\/621\/revisions\/2007"}],"up":[{"embeddable":true,"href":"https:\/\/sic.uepa.br\/2025\/wp-json\/wp\/v2\/pages\/265"}],"wp:attachment":[{"href":"https:\/\/sic.uepa.br\/2025\/wp-json\/wp\/v2\/media?parent=621"}],"curies":[{"name":"wp","href":"https:\/\/api.w.org\/{rel}","templated":true}]}}