{"id":757,"date":"2022-01-18T17:46:00","date_gmt":"2022-01-18T17:46:00","guid":{"rendered":"https:\/\/paginas.uepa.br\/sic\/2022\/?page_id=24"},"modified":"2025-12-04T17:34:56","modified_gmt":"2025-12-04T17:34:56","slug":"home","status":"publish","type":"page","link":"https:\/\/sic.uepa.br\/2025\/","title":{"rendered":"Home"},"content":{"rendered":"\n<style>\n.site-header {\ndisplay: none;\n}\n\n.ocs-slidebar.ocs-menu {\nbackground-color: #2A5D46!important;\noverflow-y: hidden;\n}\n\n.menu {\n  position: fixed;\n  right: 215px;\n  top: 15px;\n  width: 60px;\n  height: 60px;\n  display: flex;\n  align-items: center;\n  justify-content: center;\n  color: #fff;\n  background: rgba(52, 58, 64, 0.5);\n  z-index: 999;\n}\n\n@media (max-width: 1024px) {\n  .menu {\n    right: 20px;\n    top: 50px\n  }\n}\n\n.teste {\n   display: block;\n    margin: 0 auto;\n}\n#btnSaibaMais {\n\n\n  justify-content: center;\n  align-items: center;  \nbottom:15px;\n  display: block;\nmargin: 0 auto;\n  max-width: 100% !important;\ncolor: #000;\n}\n\n\n#apresentacaoBtn {\n  background-size: 65px !important;\n  background-position: center !important;\n  background-repeat: no-repeat !important;\n  overflow: hidden !important;\n  display: flex;\n  align-items: center;\n  justify-content: center;\n  background-color: #1F3B85 !important;\n  width: 100px;\n  height: 100px;\n  border-radius: 0 !important;\n  clip-path: polygon(\n    0% 0%,          \n    90% 0%,         \n    100% 10%,       \n    100% 100%,    \n    10% 100%,       \n    0% 90%          \n  );\n}\n\n#apresentacaoBtn2 {\n  background-size: 65px !important;\n  background-position: center !important;\n  background-repeat: no-repeat !important;\n  overflow: hidden !important;\n  display: flex;\n  align-items: center;\n  justify-content: center;\n  background-color: #80A0CD !important;\n  width: 100px;\n  height: 100px;\n  border-radius: 0 !important;\n  clip-path: polygon(\n    0% 0%,          \/* topo esquerdo - normal *\/\n    90% 0%,         \/* antes do corte superior direito *\/\n    100% 10%,       \/* canto superior direito cortado *\/\n    100% 100%,      \/* canto inferior direito - normal *\/\n    10% 100%,       \/* antes do corte inferior esquerdo *\/\n    0% 90%          \/* canto inferior esquerdo cortado *\/\n  );\n}\n\n\n\n\n\n.btn-primary-ccnt {\ncolor: #e4f1ee!important;\nbackground-color: #55AB9D!important;\nborder-color: #f1b234 !important;\n}\n.btn-primary-ccnt:hover {\ncolor: #fff!important;\nbackground-color: #488c81!important;\nborder-color: #24100c!important;\n}\n.btn-primary-ccse{\ncolor: #dfe6f4 !important;\nbackground-color: #1c75bc !important;\nborder-color: #204d79 !important;\n}\n.btn-primary-ccse:hover {\ncolor: #dfe6f4 !important;\nbackground-color: #204d79 !important;\nborder-color: #19293c !important;\n}\n  .portfolio-item {\n    transition: -webkit-clip-path 0.25s ease-out;\n    transition: clip-path 0.25s ease-out;\n    transition: clip-path 0.25s ease-out, -webkit-clip-path 0.25s ease-out;\n    -webkit-clip-path: inset(-1px);\n            clip-path: inset(-1px);\n  }\n  .portfolio-item:hover {\n    -webkit-clip-path: inset(2rem);\n            clip-path: inset(2rem);\n  }\n.social-icons-top {\n  border-bottom-left-radius: 50%;\n  border-bottom-right-radius: 50%;\n  position: fixed;\n  z-index: 99;\n  right: 50%;\n  margin-right: -130px;\n  width: 260px;\n  height: 60px;\n  background-color: #2A5D46!important;\n}\n\n.social-icons-top > ul {\n  font-size: 25px;\n  margin-top: 15px;\n}\n\n.social-icons-top > ul > li > a:hover {\n  color: #2e3192;\n}\n\n.social-icons-top > ul > li > a {\n  color: white;\n}\n\n\n.btn-social {\n  background-color: transparent !important;\n  border: none !important;\n  box-shadow: none !important;\n  color: white !important;\n  cursor: pointer;\n  width: 100px;\n  height: 100px;\n  display: flex;\n  align-items: center;\n  justify-content: center;\n  padding: 0;\n  margin: 0 auto; \/* centraliza horizontalmente *\/\n}\n\n.btn-social i {\n  font-size: 100px;\n  line-height: 1;\n  display: block;\n}\n\n\n.btn-social-container {\n  display: flex;\n  flex-direction: column;\n  align-items: center;\n  justify-content: center;\n  margin-bottom: 10px;\n}\n\n\n\n.btn-social:hover {\n  opacity: 0.8;\n}\n\n\n<\/style>\n\n\n\n<!-- https:\/\/fontawesome.com\/ -->\n        <script src=\"js\/all.js\"><\/script>\n        <link href=\"css\/all.css\" rel=\"stylesheet\" type=\"text\/css\">\n        <!-- simple-line-icons -->\n        <link href=\"css\/simple-line-icons.min.css\" rel=\"stylesheet\" type=\"text\/css\">\n        <!-- Google Fontes -->\n        <link href=\"css\/fontes.css\" rel=\"stylesheet\" type=\"text\/css\">\n        <!-- Start Bootstrap - Stylish Portfolio v6.0.4 -->\n        <link href=\"css\/estiloSP.css\" rel=\"stylesheet\" type=\"text\/css\">\n        <!-- Estilo Customizado da UFPA -->\n        <link href=\"css\/estiloUepaCustomizado.css\" rel=\"stylesheet\" type=\"text\/css\">\n        <!-- Estilo Customizado Desconhecido... SSS acredito eu, n\u00e3o sei se fizeram ou copiaram de algum lugar -->\n        <link href=\"css\/estiloDesconhecido.css\" rel=\"stylesheet\" type=\"text\/css\">\n        <!-- glide-3.4.1 -->\n        <link href=\"glide-3.4.1\/dist\/css\/glide.core.min.css\" rel=\"stylesheet\" type=\"text\/css\">\n        <link href=\"glide-3.4.1\/dist\/css\/glide.theme.min.css\" rel=\"stylesheet\" type=\"text\/css\">\n        <script src=\"glide-3.4.1\/dist\/glide.min.js\"><\/script>\n\n\n\n<div class=\"social-icons-top\">\n            <ul class=\"list-inline mb-5 text-center\" style=\"margin-left:auto; margin-rigth:auto;\">\n                <!-- LINK UEPA -->\n                <li class=\"list-inline-item\">\n                    <a class=\"mr-3\" target=\"_blank\" href=\"https:\/\/www.uepa.br\/\" rel=\"noopener\">\n<i class=\"fas fa-globe\"><\/i>\n                    <\/a>\n                <\/li>\n                <!-- LINK YOUTUBE -->\n                <li class=\"list-inline-item\">\n                    <a class=\"mr-3\" target=\"_blank\" href=\"https:\/\/www.youtube.com\/c\/UniversidadedoEstadodoPar%C3%A1\" rel=\"noopener\">\n<i class=\"fab fa-youtube\"><\/i>\n                    <\/a>\n                <\/li>\n                <!-- LINK FACEBOOK -->\n                <li class=\"list-inline-item\">\n                    <a class=\"mr-3\" target=\"_blank\" href=\"https:\/\/pt-br.facebook.com\/UepaOficial\/\" rel=\"noopener\">\n<i class=\"fab fa-facebook\"><\/i>\n                    <\/a>\n                <\/li>\n                <!-- LINK INSTAGRAM -->\n                <li class=\"list-inline-item\">\n                    <a class=\"mr-3\" target=\"_blank\" href=\"https:\/\/instagram.com\/uepaoficial?utm_medium=copy_link\" rel=\"noopener\">\n<i class=\"fab fa-instagram\"><\/i>\n                    <\/a>\n                <\/li>\n                <!-- LINK TWITER -->\n                <li class=\"list-inline-item\">\n                    <a class=\"mr-3\" target=\"_blank\" href=\"https:\/\/twitter.com\/uepaoficial?ref_src=twsrc%5Egoogle%7Ctwcamp%5Eserp%7Ctwgr%5Eauthor\" rel=\"noopener\">\n<i class=\"fab fa-twitter\"><\/i>\n                    <\/a>\n                <\/li>\n            <\/ul>\n        <\/div>\n\n\n\n<div class=\"aligncenter\" id=\"flutuante\">\n<button class=\"menu rounded ocs-trigger ocs-toggle ocs-toggle-menu\"><i class=\"fas fa-bars fa-2x\"><\/i>\n<\/button>\n<\/div>\n\n\n\n<div class=\"wp-block-uagb-container uagb-block-4994d767 alignfull uagb-is-root-container\"><\/div>\n\n\n\n<div class=\"inherit-container-width wp-block-group alignfull has-background uag-hide-desktop uag-hide-tab uag-hide-mob is-layout-constrained wp-block-group-is-layout-constrained\" style=\"background:linear-gradient(90deg,rgb(234,151,143) 0%,rgb(138,178,150) 48%,rgb(159,183,222) 100%)\">\n<div class=\"wp-block-columns alignwide is-layout-flex wp-container-core-columns-is-layout-1 wp-block-columns-is-layout-flex\">\n<div class=\"wp-block-column is-layout-flow wp-block-column-is-layout-flow\"><div id='sa_invalid_postid'>Slide Anything shortcode error: A valid ID has not been provided<\/div>\n\n\n\n\n<button id=\"btnSaibaMais\" class=\"mw-100 btnMasthead\" onclick=\"document.getElementById('sic').scrollIntoView();\">SAIBA MAIS<br>\n<i class=\"fas fa-chevron-down\"><\/i>\n            <\/button>\n<\/div>\n<\/div>\n<\/div>\n\n\n\n\n\n\n<div class=\"inherit-container-width wp-block-group alignfull has-ast-global-color-4-background-color has-background is-layout-constrained wp-block-group-is-layout-constrained\" id=\"sic\">\n<h1 class=\"wp-block-heading has-text-align-center has-text-color has-link-color wp-elements-3e39bd062fdf046fd3f79a1d6ef69bb9\" id=\"fique-por-dentro\" style=\"color:#1f3b85\"><em><strong>XIII SEMIN\u00c1RIO DE INTEGRA\u00c7\u00c3O CIENT\u00cdFICA!<\/strong><\/em><\/h1>\n\n\n\n<div class=\"wp-block-columns alignwide is-layout-flex wp-container-core-columns-is-layout-2 wp-block-columns-is-layout-flex\">\n<div class=\"wp-block-column is-layout-flow wp-block-column-is-layout-flow\">\n<div class=\"\">\n                        <button style=\"align-items: center; justify-content: center;line-height: 6rem;\" class=\"service-icon rounded-circle mx-auto mb-3 btn-primary-ccnt\" id=\"apresentacaoBtn\" onclick=\"window.location.href='https:\/\/sic.uepa.br\/2025\/apresentacao'\">\n                            <i class=\"fa-solid fa-person-chalkboard\"><\/i>            <\/button>\n                        \n                    <\/div>\n\n\n\n<h4 class=\"wp-block-heading has-text-align-center has-ast-global-color-1-color has-text-color\" id=\"apresentacao\">Apresenta\u00e7\u00e3o<\/h4>\n<\/div>\n\n\n\n<div class=\"wp-block-column is-layout-flow wp-block-column-is-layout-flow\">\n<div class=\"\">\n                        <button style=\"align-items: center; justify-content: center;line-height: 6rem;\" class=\"service-icon rounded-circle mx-auto mb-3 btn-primary-ccnt\" id=\"apresentacaoBtn\" onclick=\"window.location.href='https:\/\/sic.uepa.br\/2025\/comite-cientifico-interno'\">\n                            <i class=\"fas fa-users\"><\/i>\n                        <\/button>\n                        \n                    <\/div>\n\n\n\n<h4 class=\"wp-block-heading has-text-align-center\" id=\"comite-cientifico-interno\"> Comit\u00ea Cient\u00edfico Interno<\/h4>\n<\/div>\n\n\n\n<div class=\"wp-block-column is-layout-flow wp-block-column-is-layout-flow\">\n<div class=\"\">\n                        <button style=\"align-items: center; justify-content: center;line-height: 6rem;\" class=\"service-icon rounded-circle mx-auto mb-3 btn-primary-ccnt\" id=\"apresentacaoBtn\" onclick=\"window.location.href='https:\/\/sic.uepa.br\/2025\/comissao-organizadora\/'\">\n                            <i class=\"fas fa-sitemap\"><\/i>\n                        <\/button>\n                        \n                    <\/div>\n\n\n\n<h4 class=\"wp-block-heading has-text-align-center\" id=\"comissao-organizadora\">  Comiss\u00e3o Organizadora<\/h4>\n<\/div>\n<\/div>\n\n\n\n<div class=\"wp-block-columns is-layout-flex wp-container-core-columns-is-layout-3 wp-block-columns-is-layout-flex\">\n<div class=\"wp-block-column is-layout-flow wp-block-column-is-layout-flow\">\n<div class=\"\">\n                        <button style=\"align-items: center; justify-content: center;line-height: 6rem;\" class=\"service-icon rounded-circle mx-auto mb-3 btn-primary-ccnt\" id=\"apresentacaoBtn2\" onclick=\"window.location.href='https:\/\/sic.uepa.br\/2025\/edicoes-anteriores\/'\">\n<i class=\"fa-solid fa-clock\"><\/i>            <\/button>\n                        \n                    <\/div>\n\n\n\n<h4 class=\"wp-block-heading has-text-align-center\" id=\"edicoes-anteriores\">Edi\u00e7\u00f5es Anteriores<\/h4>\n<\/div>\n\n\n\n<div class=\"wp-block-column is-layout-flow wp-block-column-is-layout-flow\">\n<div class=\"\">\n                        <button style=\"align-items: center; justify-content: center;line-height: 6rem;\" class=\"service-icon rounded-circle mx-auto mb-3 btn-primary-ccnt\" id=\"apresentacaoBtn2\" onclick=\"window.location.href='https:\/\/sic.uepa.br\/2025\/comunicacoes'\">\n<i class=\"fa-solid fa-mobile-screen\"><\/i><\/button>\n                                            \n<\/div>\n\n\n\n<h4 class=\"wp-block-heading has-text-align-center\" id=\"comunicacoes\">Comunica\u00e7\u00f5es<\/h4>\n<\/div>\n<\/div>\n<\/div>\n\n\n\n<div class=\"inherit-container-width wp-block-group alignfull has-background is-layout-constrained wp-block-group-is-layout-constrained\" id=\"fique\" style=\"background-color:#dddbd6\">\n<h1 class=\"wp-block-heading has-text-align-center has-text-color has-link-color wp-elements-cef48368dc2c969b7996858679682a44\" id=\"fique-por-dentro\" style=\"color:#1f3b85\"><em><strong>FIQUE POR DENTRO!<\/strong><\/em><\/h1>\n\n\n\n<div class=\"wp-block-uagb-container uagb-block-ec3a77c4 alignfull uagb-is-root-container\"><div class=\"uagb-container-inner-blocks-wrap\">\n<div class=\"wp-block-uagb-container uagb-block-0b175396\">\n<div class=\"wp-block-uagb-image aligncenter uagb-block-1eb7c899 wp-block-uagb-image--layout-default wp-block-uagb-image--effect-static wp-block-uagb-image--align-center\"><figure class=\"wp-block-uagb-image__figure\"><a class=\"\" href=\"https:\/\/docs.google.com\/forms\/d\/e\/1FAIpQLSf7sg8QYdOS5havAZtyVBAq0_M4noWpmmRlC_-kI9pIWZvANQ\/viewform?usp=preview\" target=\"\" rel=\"noopener\"><img decoding=\"async\" srcset=\"https:\/\/propesp.uepa.br\/ppgtec\/wp-content\/uploads\/2025\/07\/faca_sua_inscricao.png ,https:\/\/propesp.uepa.br\/ppgtec\/wp-content\/uploads\/2025\/07\/faca_sua_inscricao.png 780w, https:\/\/propesp.uepa.br\/ppgtec\/wp-content\/uploads\/2025\/07\/faca_sua_inscricao.png 360w\" sizes=\"(max-width: 480px) 150px\" src=\"https:\/\/propesp.uepa.br\/ppgtec\/wp-content\/uploads\/2025\/07\/faca_sua_inscricao.png\" alt=\"\" class=\"uag-image-507\" width=\"600\" height=\"400\" title=\"faca_sua_inscricao\" loading=\"lazy\"\/><\/a><\/figure><\/div>\n<\/div>\n\n\n\n<div class=\"wp-block-uagb-container uagb-block-3e1f0b82\">\n<div class=\"wp-block-uagb-image aligncenter uagb-block-258d7078 wp-block-uagb-image--layout-default wp-block-uagb-image--effect-static wp-block-uagb-image--align-center\"><figure class=\"wp-block-uagb-image__figure\"><a class=\"\" href=\"https:\/\/www.youtube.com\/@universidadedoestadodopara3606\" target=\"\" rel=\"noopener\"><img decoding=\"async\" srcset=\"https:\/\/propesp.uepa.br\/ppgtec\/wp-content\/uploads\/2025\/07\/lives.png ,https:\/\/propesp.uepa.br\/ppgtec\/wp-content\/uploads\/2025\/07\/lives.png 780w, https:\/\/propesp.uepa.br\/ppgtec\/wp-content\/uploads\/2025\/07\/lives.png 360w\" sizes=\"(max-width: 480px) 150px\" src=\"https:\/\/propesp.uepa.br\/ppgtec\/wp-content\/uploads\/2025\/07\/lives.png\" alt=\"\" class=\"uag-image-508\" width=\"600\" height=\"400\" title=\"lives\" loading=\"lazy\"\/><\/a><\/figure><\/div>\n<\/div>\n<\/div><\/div>\n\n\n\n<div class=\"wp-block-uagb-container uagb-block-68b8ccb8 alignfull uagb-is-root-container\"><div class=\"uagb-container-inner-blocks-wrap\">\n<div class=\"wp-block-uagb-container uagb-block-0764f7db\">\n<div class=\"wp-block-uagb-image aligncenter uagb-block-84232b02 wp-block-uagb-image--layout-default wp-block-uagb-image--effect-static wp-block-uagb-image--align-center\"><figure class=\"wp-block-uagb-image__figure\"><a class=\"\" href=\"https:\/\/sic.uepa.br\/2025\/programacao\" target=\"\" rel=\"noopener\"><img decoding=\"async\" srcset=\"https:\/\/propesp.uepa.br\/ppgtec\/wp-content\/uploads\/2025\/07\/programacao.png ,https:\/\/propesp.uepa.br\/ppgtec\/wp-content\/uploads\/2025\/07\/programacao.png 780w, https:\/\/propesp.uepa.br\/ppgtec\/wp-content\/uploads\/2025\/07\/programacao.png 360w\" sizes=\"(max-width: 480px) 150px\" src=\"https:\/\/propesp.uepa.br\/ppgtec\/wp-content\/uploads\/2025\/07\/programacao.png\" alt=\"\" class=\"uag-image-509\" width=\"600\" height=\"400\" title=\"programacao\" loading=\"lazy\"\/><\/a><\/figure><\/div>\n<\/div>\n\n\n\n<div class=\"wp-block-uagb-container uagb-block-2e29699f\">\n<div class=\"wp-block-uagb-image aligncenter uagb-block-41126cd7 wp-block-uagb-image--layout-default wp-block-uagb-image--effect-static wp-block-uagb-image--align-center\"><figure class=\"wp-block-uagb-image__figure\"><a class=\"\" href=\"#\" target=\"\" rel=\"noopener\"><img decoding=\"async\" srcset=\"https:\/\/propesp.uepa.br\/ppgtec\/wp-content\/uploads\/2025\/07\/anais_do_evento.png ,https:\/\/propesp.uepa.br\/ppgtec\/wp-content\/uploads\/2025\/07\/anais_do_evento.png 780w, https:\/\/propesp.uepa.br\/ppgtec\/wp-content\/uploads\/2025\/07\/anais_do_evento.png 360w\" sizes=\"(max-width: 480px) 150px\" src=\"https:\/\/propesp.uepa.br\/ppgtec\/wp-content\/uploads\/2025\/07\/anais_do_evento.png\" alt=\"\" class=\"uag-image-510\" width=\"600\" height=\"400\" title=\"anais_do_evento\" loading=\"lazy\"\/><\/a><\/figure><\/div>\n<\/div>\n<\/div><\/div>\n\n\n\n<div class=\"wp-block-uagb-container uagb-block-6322ea1e alignfull uagb-is-root-container\"><div class=\"uagb-container-inner-blocks-wrap\">\n<div class=\"wp-block-uagb-container uagb-block-e9b9bf1c\">\n<div class=\"wp-block-uagb-image aligncenter uagb-block-a27d072e wp-block-uagb-image--layout-default wp-block-uagb-image--effect-static wp-block-uagb-image--align-center\"><figure class=\"wp-block-uagb-image__figure\"><a class=\"\" href=\"https:\/\/sic.uepa.br\/2025\/certificados\/\" target=\"\" rel=\"noopener\"><img decoding=\"async\" srcset=\"https:\/\/sic.uepa.br\/2025\/wp-content\/uploads\/2025\/07\/certificados.png ,https:\/\/sic.uepa.br\/2025\/wp-content\/uploads\/2025\/07\/certificados.png 780w, https:\/\/sic.uepa.br\/2025\/wp-content\/uploads\/2025\/07\/certificados.png 360w\" sizes=\"(max-width: 480px) 150px\" src=\"https:\/\/sic.uepa.br\/2025\/wp-content\/uploads\/2025\/07\/certificados.png\" alt=\"\" class=\"uag-image-1621\" width=\"600\" height=\"400\" title=\"programacao\" loading=\"lazy\"\/><\/a><\/figure><\/div>\n<\/div>\n<\/div><\/div>\n<\/div>\n\n\n\n<div class=\"inherit-container-width wp-block-group alignfull has-background is-layout-constrained wp-block-group-is-layout-constrained\" id=\"online\" style=\"background-color:#97b3df\">\n<h1 class=\"wp-block-heading has-text-align-center has-text-color\" id=\"online\" style=\"color:#1f3b85\"><strong>ONLINE<\/strong><\/h1>\n\n\n\n<div class=\"wp-block-columns alignwide is-layout-flex wp-container-core-columns-is-layout-4 wp-block-columns-is-layout-flex\">\n<div class=\"wp-block-column is-layout-flow wp-block-column-is-layout-flow\">\n<div class=\"btn-social-container\">\n  <a href=\"https:\/\/www.youtube.com\/c\/UniversidadedoEstadodoPar%C3%A1\" target=\"_blank\" rel=\"noopener noreferrer\" class=\"service-icon btn-social\">\n    <i class=\"fab fa-youtube\"><\/i>\n  <\/a>\n<\/div>\n\n\n\n<h4 class=\"wp-block-heading has-text-align-center has-text-color\" id=\"assistir-no-youtube\" style=\"color:#1f3b85\">  Assistir no Youtube<\/h4>\n<\/div>\n\n\n\n<div class=\"wp-block-column is-layout-flow wp-block-column-is-layout-flow\">\n<div class=\"btn-social-container\">\n  <a href=\"https:\/\/pt-br.facebook.com\/UepaOficial\/\" target=\"_blank\" rel=\"noopener noreferrer\" class=\"service-icon btn-social mx-auto\">\n    <i class=\"fab fa-facebook\"><\/i>\n  <\/a>\n<\/div>\n\n\n\n<h4 class=\"wp-block-heading has-text-align-center has-text-color\" id=\"assistir-no-facebook\" style=\"color:#1f3b85\">Assistir no Facebook<\/h4>\n<\/div>\n<\/div>\n<\/div>\n\n\n\n<style>\n.imgTeste {\nwidth: 300px !important;\nheigth:200px !important;\naspect-ratio: auto 300 \/ 200 !important;\n}\n<\/style>\n\n\n\n<div id=\"apoio\" class=\"wp-block-uagb-container uagb-block-e4c80903 default uagb-is-root-container\">\n<div class=\"wp-block-uagb-container uagb-block-7abfc026 alignfull uagb-is-root-container\"><div class=\"uagb-container-inner-blocks-wrap\">\n<div class=\"wp-block-uagb-container uagb-block-c7926b03\">\n<div class=\"wp-block-uagb-container uagb-block-667c015c alignfull uagb-is-root-container\"><div class=\"uagb-container-inner-blocks-wrap\">\n<div class=\"wp-block-uagb-container uagb-block-92f4cb1e\">\n<figure class=\"wp-block-image size-full is-resized\"><img decoding=\"async\" src=\"https:\/\/propesp.uepa.br\/ppgtec\/wp-content\/uploads\/2025\/07\/dspd.png\" alt=\"\" class=\"wp-image-511\" style=\"width:200px\"\/><\/figure>\n<\/div>\n\n\n\n<div class=\"wp-block-uagb-container uagb-block-8374554d\">\n<figure class=\"wp-block-image size-full is-resized\"><img decoding=\"async\" src=\"https:\/\/propesp.uepa.br\/ppgtec\/wp-content\/uploads\/2025\/07\/uepa.png\" alt=\"\" class=\"wp-image-512\" style=\"width:150px\"\/><\/figure>\n<\/div>\n\n\n\n<div class=\"wp-block-uagb-container uagb-block-9ebb8964\">\n<figure class=\"wp-block-image size-full is-resized\"><img decoding=\"async\" src=\"https:\/\/propesp.uepa.br\/ppgtec\/wp-content\/uploads\/2025\/07\/fapespa.png\" alt=\"\" class=\"wp-image-513\" style=\"width:150px\"\/><\/figure>\n<\/div>\n<\/div><\/div>\n<\/div>\n\n\n\n<div class=\"wp-block-uagb-container uagb-block-b6fb5bbb\">\n<div class=\"wp-block-uagb-container uagb-block-5fa29415 alignfull uagb-is-root-container\"><div class=\"uagb-container-inner-blocks-wrap\">\n<div class=\"wp-block-uagb-container uagb-block-1bb48d42\">\n<figure class=\"wp-block-image size-full is-resized\"><img decoding=\"async\" src=\"https:\/\/propesp.uepa.br\/ppgtec\/wp-content\/uploads\/2025\/07\/gov_para.png\" alt=\"\" class=\"wp-image-514\" style=\"width:180px\"\/><\/figure>\n<\/div>\n\n\n\n<div class=\"wp-block-uagb-container uagb-block-07bd252d\">\n<figure class=\"wp-block-image size-large is-resized\"><img decoding=\"async\" src=\"https:\/\/propesp.uepa.br\/ppgtec\/wp-content\/uploads\/2025\/07\/capes-1024x948.png\" alt=\"\" class=\"wp-image-515\" style=\"width:87px;height:auto\"\/><\/figure>\n<\/div>\n\n\n\n<div class=\"wp-block-uagb-container uagb-block-6c8887dc\">\n<figure class=\"wp-block-image size-large is-resized\"><img decoding=\"async\" src=\"https:\/\/propesp.uepa.br\/ppgtec\/wp-content\/uploads\/2025\/07\/cnpq-1024x438.png\" alt=\"\" class=\"wp-image-516\" style=\"width:150px\"\/><\/figure>\n<\/div>\n<\/div><\/div>\n<\/div>\n<\/div><\/div>\n<\/div>\n\n\n\n<div class=\"wp-block-uagb-container uagb-block-87ab06f8 alignfull uagb-is-root-container\"><div class=\"uagb-container__shape uagb-container__shape-bottom uagb-container__invert\" data-negative=\"false\"><svg xmlns=\"https:\/\/www.w3.org\/2000\/svg\" viewBox=\"0 0 1000 100\" preserveAspectRatio=\"none\"><path class=\"uagb-container__shape-fill\" d=\"M0,0c0,0,0,6,0,6.7c0,18,240.2,93.6,615.2,92.6C989.8,98.5,1000,25,1000,6.7c0-0.7,0-6.7,0-6.7H0z\"><\/path><\/svg><\/div><div class=\"uagb-container-inner-blocks-wrap\"><\/div><\/div>\n","protected":false},"excerpt":{"rendered":"<p>SAIBA MAIS XIII SEMIN\u00c1RIO DE INTEGRA\u00c7\u00c3O CIENT\u00cdFICA! Apresenta\u00e7\u00e3o Comit\u00ea Cient\u00edfico Interno Comiss\u00e3o Organizadora Edi\u00e7\u00f5es Anteriores Comunica\u00e7\u00f5es FIQUE POR DENTRO! ONLINE Assistir no Youtube Assistir no Facebook<\/p>\n","protected":false},"author":1,"featured_media":0,"parent":0,"menu_order":0,"comment_status":"closed","ping_status":"closed","template":"","meta":{"_uag_custom_page_level_css":".menu {\n\tmargin-right: 20px!important\n}","site-sidebar-layout":"no-sidebar","site-content-layout":"","ast-site-content-layout":"default","site-content-style":"default","site-sidebar-style":"default","ast-global-header-display":"","ast-banner-title-visibility":"","ast-main-header-display":"disabled","ast-hfb-above-header-display":"","ast-hfb-below-header-display":"","ast-hfb-mobile-header-display":"","site-post-title":"disabled","ast-breadcrumbs-content":"disabled","ast-featured-img":"disabled","footer-sml-layout":"enabled","theme-transparent-header-meta":"disabled","adv-header-id-meta":"","stick-header-meta":"","header-above-stick-meta":"","header-main-stick-meta":"","header-below-stick-meta":"","astra-migrate-meta-layouts":"set","ast-page-background-enabled":"default","ast-page-background-meta":{"desktop":{"background-color":"var(--ast-global-color-4)","background-image":"","background-repeat":"repeat","background-position":"center center","background-size":"auto","background-attachment":"scroll","background-type":"","background-media":"","overlay-type":"","overlay-color":"","overlay-gradient":""},"tablet":{"background-color":"","background-image":"","background-repeat":"repeat","background-position":"center center","background-size":"auto","background-attachment":"scroll","background-type":"","background-media":"","overlay-type":"","overlay-color":"","overlay-gradient":""},"mobile":{"background-color":"","background-image":"","background-repeat":"repeat","background-position":"center center","background-size":"auto","background-attachment":"scroll","background-type":"","background-media":"","overlay-type":"","overlay-color":"","overlay-gradient":""}},"ast-content-background-meta":{"desktop":{"background-color":"var(--ast-global-color-5)","background-image":"","background-repeat":"repeat","background-position":"center center","background-size":"auto","background-attachment":"scroll","background-type":"","background-media":"","overlay-type":"","overlay-color":"","overlay-gradient":""},"tablet":{"background-color":"var(--ast-global-color-5)","background-image":"","background-repeat":"repeat","background-position":"center center","background-size":"auto","background-attachment":"scroll","background-type":"","background-media":"","overlay-type":"","overlay-color":"","overlay-gradient":""},"mobile":{"background-color":"var(--ast-global-color-5)","background-image":"","background-repeat":"repeat","background-position":"center center","background-size":"auto","background-attachment":"scroll","background-type":"","background-media":"","overlay-type":"","overlay-color":"","overlay-gradient":""}},"footnotes":""},"uagb_featured_image_src":{"full":false,"thumbnail":false,"medium":false,"medium_large":false,"large":false,"1536x1536":false,"2048x2048":false},"uagb_author_info":{"display_name":"adminsites@uepa.br","author_link":"https:\/\/sic.uepa.br\/2025\/author\/adminsitesuepa-br\/"},"uagb_comment_info":0,"uagb_excerpt":"SAIBA MAIS XIII SEMIN\u00c1RIO DE INTEGRA\u00c7\u00c3O CIENT\u00cdFICA! Apresenta\u00e7\u00e3o Comit\u00ea Cient\u00edfico Interno Comiss\u00e3o Organizadora Edi\u00e7\u00f5es Anteriores Comunica\u00e7\u00f5es FIQUE POR DENTRO! ONLINE Assistir no Youtube Assistir no Facebook","_links":{"self":[{"href":"https:\/\/sic.uepa.br\/2025\/wp-json\/wp\/v2\/pages\/757"}],"collection":[{"href":"https:\/\/sic.uepa.br\/2025\/wp-json\/wp\/v2\/pages"}],"about":[{"href":"https:\/\/sic.uepa.br\/2025\/wp-json\/wp\/v2\/types\/page"}],"author":[{"embeddable":true,"href":"https:\/\/sic.uepa.br\/2025\/wp-json\/wp\/v2\/users\/1"}],"replies":[{"embeddable":true,"href":"https:\/\/sic.uepa.br\/2025\/wp-json\/wp\/v2\/comments?post=757"}],"version-history":[{"count":270,"href":"https:\/\/sic.uepa.br\/2025\/wp-json\/wp\/v2\/pages\/757\/revisions"}],"predecessor-version":[{"id":2115,"href":"https:\/\/sic.uepa.br\/2025\/wp-json\/wp\/v2\/pages\/757\/revisions\/2115"}],"wp:attachment":[{"href":"https:\/\/sic.uepa.br\/2025\/wp-json\/wp\/v2\/media?parent=757"}],"curies":[{"name":"wp","href":"https:\/\/api.w.org\/{rel}","templated":true}]}}