{"id":877,"date":"2023-01-24T15:53:05","date_gmt":"2023-01-24T15:53:05","guid":{"rendered":"https:\/\/sic.uepa.br\/2025\/?page_id=877"},"modified":"2025-07-29T12:04:53","modified_gmt":"2025-07-29T12:04:53","slug":"webinario","status":"publish","type":"page","link":"https:\/\/sic.uepa.br\/2025\/comunicacoes\/webinario\/","title":{"rendered":"Webin\u00e1rio"},"content":{"rendered":"\n<div class=\"wp-block-uagb-container uagb-block-ed351702 alignfull uagb-is-root-container\"><div class=\"uagb-container-inner-blocks-wrap\">\n<div class=\"wp-block-uagb-advanced-heading uagb-block-af509e88\"><h1 class=\"uagb-heading-text\"><strong>Webin\u00e1rio de Desenvolvimento T\u00e9cnico-Cient\u00edfico Sustent\u00e1vel<\/strong><\/h1><div class=\"uagb-separator\"><\/div><\/div>\n\n\n\n<div id=\"apresentacao\" class=\"wp-block-uagb-container uagb-block-f639ea8a\">\n<div class=\"wp-block-uagb-advanced-heading uagb-block-f344740d\"><h3 class=\"uagb-heading-text\">T\u00edtulo de Exemplo<\/h3><\/div>\n\n\n\n<div class=\"wp-block-uagb-icon-list uagb-block-363796dc\"><div class=\"uagb-icon-list__wrap\">\n<div class=\"wp-block-uagb-icon-list-child uagb-block-da925c74\"><span class=\"uagb-icon-list__source-wrap\"><svg xmlns=\"https:\/\/www.w3.org\/2000\/svg\" viewBox=\"0 0 448 512\"><path d=\"M224 256c70.7 0 128-57.31 128-128s-57.3-128-128-128C153.3 0 96 57.31 96 128S153.3 256 224 256zM274.7 304H173.3C77.61 304 0 381.6 0 477.3c0 19.14 15.52 34.67 34.66 34.67h378.7C432.5 512 448 496.5 448 477.3C448 381.6 370.4 304 274.7 304z\"><\/path><\/svg><\/span><span class=\"uagb-icon-list__label\">Coordenador: Nome do Coordenador<\/span><\/div>\n<\/div><\/div>\n\n\n\n<div class=\"wp-block-uagb-buttons uagb-buttons__outer-wrap uagb-btn__default-btn uagb-btn-tablet__default-btn uagb-btn-mobile__default-btn uagb-block-690582ec\"><div class=\"uagb-buttons__wrap uagb-buttons-layout-wrap\">\n<div class=\"wp-block-uagb-buttons-child uagb-buttons__outer-wrap uagb-block-6e9b53b4 wp-block-button\"><div class=\"uagb-button__wrapper\"><a class=\"uagb-buttons-repeater wp-block-button__link\" href=\"#\" onclick=\"return false;\" rel=\"follow noopener\" target=\"_self\"><div class=\"uagb-button__link\">Apresenta\u00e7\u00e3o<\/div><\/a><\/div><\/div>\n<\/div><\/div>\n<\/div>\n<\/div><\/div>\n","protected":false},"excerpt":{"rendered":"<p>Webin\u00e1rio de Desenvolvimento T\u00e9cnico-Cient\u00edfico Sustent\u00e1vel T\u00edtulo de Exemplo<\/p>\n","protected":false},"author":1,"featured_media":0,"parent":265,"menu_order":0,"comment_status":"closed","ping_status":"closed","template":"","meta":{"_uag_custom_page_level_css":"","site-sidebar-layout":"default","site-content-layout":"","ast-site-content-layout":"default","site-content-style":"default","site-sidebar-style":"default","ast-global-header-display":"","ast-banner-title-visibility":"","ast-main-header-display":"","ast-hfb-above-header-display":"","ast-hfb-below-header-display":"","ast-hfb-mobile-header-display":"","site-post-title":"disabled","ast-breadcrumbs-content":"","ast-featured-img":"","footer-sml-layout":"","theme-transparent-header-meta":"","adv-header-id-meta":"","stick-header-meta":"","header-above-stick-meta":"","header-main-stick-meta":"","header-below-stick-meta":"","astra-migrate-meta-layouts":"set","ast-page-background-enabled":"default","ast-page-background-meta":{"desktop":{"background-color":"var(--ast-global-color-4)","background-image":"","background-repeat":"repeat","background-position":"center center","background-size":"auto","background-attachment":"scroll","background-type":"","background-media":"","overlay-type":"","overlay-color":"","overlay-gradient":""},"tablet":{"background-color":"","background-image":"","background-repeat":"repeat","background-position":"center center","background-size":"auto","background-attachment":"scroll","background-type":"","background-media":"","overlay-type":"","overlay-color":"","overlay-gradient":""},"mobile":{"background-color":"","background-image":"","background-repeat":"repeat","background-position":"center center","background-size":"auto","background-attachment":"scroll","background-type":"","background-media":"","overlay-type":"","overlay-color":"","overlay-gradient":""}},"ast-content-background-meta":{"desktop":{"background-color":"var(--ast-global-color-5)","background-image":"","background-repeat":"repeat","background-position":"center center","background-size":"auto","background-attachment":"scroll","background-type":"","background-media":"","overlay-type":"","overlay-color":"","overlay-gradient":""},"tablet":{"background-color":"var(--ast-global-color-5)","background-image":"","background-repeat":"repeat","background-position":"center center","background-size":"auto","background-attachment":"scroll","background-type":"","background-media":"","overlay-type":"","overlay-color":"","overlay-gradient":""},"mobile":{"background-color":"var(--ast-global-color-5)","background-image":"","background-repeat":"repeat","background-position":"center center","background-size":"auto","background-attachment":"scroll","background-type":"","background-media":"","overlay-type":"","overlay-color":"","overlay-gradient":""}},"footnotes":""},"uagb_featured_image_src":{"full":false,"thumbnail":false,"medium":false,"medium_large":false,"large":false,"1536x1536":false,"2048x2048":false},"uagb_author_info":{"display_name":"adminsites@uepa.br","author_link":"https:\/\/sic.uepa.br\/2025\/author\/adminsitesuepa-br\/"},"uagb_comment_info":0,"uagb_excerpt":"Webin\u00e1rio de Desenvolvimento T\u00e9cnico-Cient\u00edfico Sustent\u00e1vel T\u00edtulo de Exemplo","_links":{"self":[{"href":"https:\/\/sic.uepa.br\/2025\/wp-json\/wp\/v2\/pages\/877"}],"collection":[{"href":"https:\/\/sic.uepa.br\/2025\/wp-json\/wp\/v2\/pages"}],"about":[{"href":"https:\/\/sic.uepa.br\/2025\/wp-json\/wp\/v2\/types\/page"}],"author":[{"embeddable":true,"href":"https:\/\/sic.uepa.br\/2025\/wp-json\/wp\/v2\/users\/1"}],"replies":[{"embeddable":true,"href":"https:\/\/sic.uepa.br\/2025\/wp-json\/wp\/v2\/comments?post=877"}],"version-history":[{"count":8,"href":"https:\/\/sic.uepa.br\/2025\/wp-json\/wp\/v2\/pages\/877\/revisions"}],"predecessor-version":[{"id":1891,"href":"https:\/\/sic.uepa.br\/2025\/wp-json\/wp\/v2\/pages\/877\/revisions\/1891"}],"up":[{"embeddable":true,"href":"https:\/\/sic.uepa.br\/2025\/wp-json\/wp\/v2\/pages\/265"}],"wp:attachment":[{"href":"https:\/\/sic.uepa.br\/2025\/wp-json\/wp\/v2\/media?parent=877"}],"curies":[{"name":"wp","href":"https:\/\/api.w.org\/{rel}","templated":true}]}}