{"id":287,"date":"2022-01-19T13:51:32","date_gmt":"2022-01-19T13:51:32","guid":{"rendered":"https:\/\/paginas.uepa.br\/sic\/2022\/?page_id=287"},"modified":"2026-04-29T14:55:04","modified_gmt":"2026-04-29T14:55:04","slug":"comite-cientifico-interno","status":"publish","type":"page","link":"https:\/\/sic.uepa.br\/2026\/comite-cientifico-interno\/","title":{"rendered":"Comit\u00ea Cient\u00edfico Interno"},"content":{"rendered":"\n<div class=\"wp-block-uagb-container uagb-block-2dc30326 alignfull uagb-is-root-container\"><div class=\"uagb-container-inner-blocks-wrap\">\n<div class=\"wp-block-uagb-advanced-heading uagb-block-b6e79f27\"><h1 class=\"uagb-heading-text\">Comit\u00ea Cient\u00edfico Interno<\/h1><div class=\"uagb-separator\"><\/div><\/div>\n\n\n\n<div class=\"wp-block-uagb-container uagb-block-fa8346ad\">\n<div class=\"wp-block-uagb-advanced-heading uagb-block-f9ed2b5f\"><h5 class=\"uagb-heading-text\"><strong>CENTRO DE CI\u00caNCIAS SOCIAIS E EDUCA\u00c7\u00c3O<\/strong><\/h5><\/div>\n\n\n\n<p class=\"has-text-align-center\">Alan Marcel Fernandes de Souza<br>Anderson Madson Oliveira Maia<br>Bruna Fernanda Soares de Lima Padovani<br>Bruno Rafael Ribeiro de Almeida<br>Caetano da Provid\u00eancia Santos Diniz<br>Dinair Barbosa de Freitas<br>Diniz Ant\u00f4nio de Sena Bastos<br>Edgar Monteiro Chagas J\u00fanior<br>Eliana Ruth Silva Sousa<br>Elis\u00e2ngela Claudia de Medeiros Moreira<br>Evaldo Ferreira Rodrigues<br>Fabiano de Oliveira Bringel<br>Geraldo Bruno Costa de Andrade<br>Igor Silva de Barros<br>Jessika Rodrigues da Silva<br>Jos\u00e9 Fernando Pereira Leal<br>Larissa de Nazare Carvalho de Aviz<br>Leif Ericksson Nunes Grunewald<br>Livia Maria Oliveira dos Santos Silva<br>Luc\u00e9lia de Moraes Braga Bassalo<br>Mara S\u00edlvia Juc\u00e1 Ac\u00e1cio<br>Marcelo Luiz Bezerra da Silva<br>Marco Ant\u00f4nio da Costa Camelo<br>Michel de Melo Lima<br>Paulo S\u00e9rgio Ara\u00fajo da Silva<br>Pedro Franco de S\u00e1<br>Penn Lee Menezes Rodrigues<br>Raimundo Miguel dos Reis Pereira<br>Reginaldo de Oliveira Corr\u00eaa Junior<br>Sara Ra\u00edssa Silva Rodrigues<br>Sebasti\u00e3o da Cunha Lopes<br>T\u00e1rsilla Castro Rodrigues da Silva<\/p>\n<\/div>\n\n\n\n<div class=\"wp-block-uagb-container uagb-block-ddd1e52d\">\n<div class=\"wp-block-uagb-advanced-heading uagb-block-61599198\"><h5 class=\"uagb-heading-text\"><strong><strong>CENTRO DE CI\u00caNCIAS BIOL\u00d3GICAS E DA SA\u00daDE<\/strong><\/strong><\/h5><\/div>\n\n\n\n<p class=\"has-text-align-center\">Adjanny Estela Santos de Sousa<br>Alu\u00edsio Ferreira Celestino J\u00fanior<br>Ana Paula Ara\u00fajo Guimar\u00e3es<br>Andrea Luzia Vaz Paes<br>Apio Ricardo Nazareth Dias<br>Bruna Rafaela Leite Dias<br>Carla Andr\u00e9a Avelar Pires<br>Dayse Danielle de Oliveira Silva<br>Diego Di Felipe \u00c1vila de Alc\u00e2ntara<br>Dinar Duarte Vasconcelos<br>Elaine Regina Correa de Souza<br>Eliane do Socorro de Sousa Aguiar<br>\u00c9rika Cristina de Carvalho Silva Pereira<br>Francisca Regina Oliveira Carneiro<br>Gabriela Ribeiro Barros de Farias<br>Gileno Edu Lameira de Melo<br>Ingrid Bergma da Silva Oliveira<br>Jair Francisco Santana de Graim<br>Karla Maria Siqueira Coelho Aita<br>Leila Maues Oliveira Hanna<br>Leonardo Quintao Siravenha<br>Maria Elizabeth de Castro Rassy<br>Mariana De Sousa Ribeiro de Carvalho<br>Marina Chahini Cardoso<br>Patr\u00edcia Danielle Lima de Lima<br>Regina Ribeiro Cunha<br>Ren\u00eae de Caldas Honorato<br>Samantha Pereira Caldas<br>Silv\u00e2nia Yukiko Lins Takanashi<br>Tayane Moura Martins<br>Thiago Xavier Carneiro<br>Vera Solange Pires Gomes de Sousa<br>Zaira Valeska Dantas da Fonseca<\/p>\n<\/div>\n\n\n\n<div class=\"wp-block-uagb-container uagb-block-2adf2b05\">\n<div class=\"wp-block-uagb-advanced-heading uagb-block-ac76624b\"><h5 class=\"uagb-heading-text\"><strong><strong>CENTRO DE CI\u00caNCIA NATURAIS E TECNOLOGIA<\/strong><\/strong><\/h5><\/div>\n\n\n\n<p class=\"has-text-align-center\">Ailson Renan Santos Pican\u00e7o<br>Alessandra Jackeline Guedes de Moraes<br>Antonio Erlindo Braga J\u00fanior<br>Brenda de Farias Oliveira Cardoso<br>Claudia Viana Urbinati<br>Darly Rodrigues Pompeu<br>Eder Silva de Oliveira<br>Hugo Leonardo Melo dos Santos<br>\u00cdtalo Flexa Di Paolo<br>Ivonete Quaresma da Silva Aguiar<br>Jorge Fernando Hungria Ferreira<br>Karan Roberto de Mota Valente<br>Larissa Buenano Ribeiro<br>Luciane do Socorro Nunes dos Santos Brasil<br>Maria da Concei\u00e7\u00e3o Rabelo Gomes<br>Marta de Oliveira Barreiros<br>Murilo Mesquita Melo e Silva<br>N\u00e1th\u00e1lia Juc\u00e1 Monteiro<br>Rafaela Teixeira Sena Daibes Resque<br>Renata Thaysa Da Silva Santos<br>Rodrigo Rangel Ribeiro Bezerra<br>Sabino Alves de Aguiar Neto<br>Tienay Pican\u00e7o da Costa Silva<br>Yvelyne Bianca Iunes Santos<\/p>\n<\/div>\n<\/div><\/div>\n","protected":false},"excerpt":{"rendered":"<p>Comit\u00ea Cient\u00edfico Interno CENTRO DE CI\u00caNCIAS SOCIAIS E EDUCA\u00c7\u00c3O Alan Marcel Fernandes de SouzaAnderson Madson Oliveira MaiaBruna Fernanda Soares de Lima PadovaniBruno Rafael Ribeiro de AlmeidaCaetano da Provid\u00eancia Santos DinizDinair Barbosa de FreitasDiniz Ant\u00f4nio de Sena BastosEdgar Monteiro Chagas J\u00faniorEliana Ruth Silva SousaElis\u00e2ngela Claudia de Medeiros MoreiraEvaldo Ferreira RodriguesFabiano de Oliveira BringelGeraldo Bruno Costa de &hellip;<\/p>\n<p class=\"read-more\"> <a class=\"\" href=\"https:\/\/sic.uepa.br\/2026\/comite-cientifico-interno\/\"> <span class=\"screen-reader-text\">Comit\u00ea Cient\u00edfico Interno<\/span> Leia mais &raquo;<\/a><\/p>\n","protected":false},"author":1,"featured_media":0,"parent":0,"menu_order":0,"comment_status":"closed","ping_status":"closed","template":"","meta":{"_uag_custom_page_level_css":"","site-sidebar-layout":"no-sidebar","site-content-layout":"","ast-site-content-layout":"default","site-content-style":"default","site-sidebar-style":"default","ast-global-header-display":"","ast-banner-title-visibility":"","ast-main-header-display":"enabled","ast-hfb-above-header-display":"","ast-hfb-below-header-display":"","ast-hfb-mobile-header-display":"","site-post-title":"disabled","ast-breadcrumbs-content":"disabled","ast-featured-img":"disabled","footer-sml-layout":"","theme-transparent-header-meta":"disabled","adv-header-id-meta":"","stick-header-meta":"","header-above-stick-meta":"","header-main-stick-meta":"","header-below-stick-meta":"","astra-migrate-meta-layouts":"set","ast-page-background-enabled":"default","ast-page-background-meta":{"desktop":{"background-color":"var(--ast-global-color-4)","background-image":"","background-repeat":"repeat","background-position":"center center","background-size":"auto","background-attachment":"scroll","background-type":"","background-media":"","overlay-type":"","overlay-color":"","overlay-gradient":""},"tablet":{"background-color":"","background-image":"","background-repeat":"repeat","background-position":"center center","background-size":"auto","background-attachment":"scroll","background-type":"","background-media":"","overlay-type":"","overlay-color":"","overlay-gradient":""},"mobile":{"background-color":"","background-image":"","background-repeat":"repeat","background-position":"center center","background-size":"auto","background-attachment":"scroll","background-type":"","background-media":"","overlay-type":"","overlay-color":"","overlay-gradient":""}},"ast-content-background-meta":{"desktop":{"background-color":"var(--ast-global-color-5)","background-image":"","background-repeat":"repeat","background-position":"center center","background-size":"auto","background-attachment":"scroll","background-type":"","background-media":"","overlay-type":"","overlay-color":"","overlay-gradient":""},"tablet":{"background-color":"var(--ast-global-color-5)","background-image":"","background-repeat":"repeat","background-position":"center center","background-size":"auto","background-attachment":"scroll","background-type":"","background-media":"","overlay-type":"","overlay-color":"","overlay-gradient":""},"mobile":{"background-color":"var(--ast-global-color-5)","background-image":"","background-repeat":"repeat","background-position":"center center","background-size":"auto","background-attachment":"scroll","background-type":"","background-media":"","overlay-type":"","overlay-color":"","overlay-gradient":""}},"footnotes":""},"uagb_featured_image_src":{"full":false,"thumbnail":false,"medium":false,"medium_large":false,"large":false,"1536x1536":false,"2048x2048":false},"uagb_author_info":{"display_name":"adminsites@uepa.br","author_link":"https:\/\/sic.uepa.br\/2026\/author\/adminsitesuepa-br\/"},"uagb_comment_info":0,"uagb_excerpt":"Comit\u00ea Cient\u00edfico Interno CENTRO DE CI\u00caNCIAS SOCIAIS E EDUCA\u00c7\u00c3O Alan Marcel Fernandes de SouzaAnderson Madson Oliveira MaiaBruna Fernanda Soares de Lima PadovaniBruno Rafael Ribeiro de AlmeidaCaetano da Provid\u00eancia Santos DinizDinair Barbosa de FreitasDiniz Ant\u00f4nio de Sena BastosEdgar Monteiro Chagas J\u00faniorEliana Ruth Silva SousaElis\u00e2ngela Claudia de Medeiros MoreiraEvaldo Ferreira RodriguesFabiano de Oliveira BringelGeraldo Bruno Costa de&hellip;","_links":{"self":[{"href":"https:\/\/sic.uepa.br\/2026\/wp-json\/wp\/v2\/pages\/287"}],"collection":[{"href":"https:\/\/sic.uepa.br\/2026\/wp-json\/wp\/v2\/pages"}],"about":[{"href":"https:\/\/sic.uepa.br\/2026\/wp-json\/wp\/v2\/types\/page"}],"author":[{"embeddable":true,"href":"https:\/\/sic.uepa.br\/2026\/wp-json\/wp\/v2\/users\/1"}],"replies":[{"embeddable":true,"href":"https:\/\/sic.uepa.br\/2026\/wp-json\/wp\/v2\/comments?post=287"}],"version-history":[{"count":17,"href":"https:\/\/sic.uepa.br\/2026\/wp-json\/wp\/v2\/pages\/287\/revisions"}],"predecessor-version":[{"id":2286,"href":"https:\/\/sic.uepa.br\/2026\/wp-json\/wp\/v2\/pages\/287\/revisions\/2286"}],"wp:attachment":[{"href":"https:\/\/sic.uepa.br\/2026\/wp-json\/wp\/v2\/media?parent=287"}],"curies":[{"name":"wp","href":"https:\/\/api.w.org\/{rel}","templated":true}]}}